{"id":21050,"date":"2022-06-18T10:12:07","date_gmt":"2022-06-18T10:12:07","guid":{"rendered":"https:\/\/demo.flawlessthemes.com\/espyjobspro1\/index.php\/find-a-job\/"},"modified":"2024-05-25T10:37:31","modified_gmt":"2024-05-25T08:37:31","slug":"jobs","status":"publish","type":"page","link":"https:\/\/kibajobs.com\/ar\/jobs\/","title":{"rendered":"\u0627\u0644\u0628\u062d\u062b \u0639\u0646 \u0639\u0645\u0644"},"content":{"rendered":"<div data-elementor-type=\"wp-page\" data-elementor-id=\"21050\" class=\"elementor elementor-21050\">\n\t\t\t\t\t\t\t\t\t<section class=\"elementor-section elementor-top-section elementor-element elementor-element-48b3a64c elementor-section-boxed elementor-section-height-default elementor-section-height-default\" data-id=\"48b3a64c\" data-element_type=\"section\">\n\t\t\t\t\t\t<div class=\"elementor-container elementor-column-gap-default\">\n\t\t\t\t\t<div class=\"elementor-column elementor-col-100 elementor-top-column elementor-element elementor-element-64446472\" data-id=\"64446472\" data-element_type=\"column\">\n\t\t\t<div class=\"elementor-widget-wrap elementor-element-populated\">\n\t\t\t\t\t\t\t\t<div class=\"elementor-element elementor-element-47167d4a elementor-widget elementor-widget-text-editor\" data-id=\"47167d4a\" data-element_type=\"widget\" data-widget_type=\"text-editor.default\">\n\t\t\t\t<div class=\"elementor-widget-container\">\n\t\t\t<style>\/*! elementor - v3.18.0 - 08-12-2023 *\/\n.elementor-widget-text-editor.elementor-drop-cap-view-stacked .elementor-drop-cap{background-color:#69727d;color:#fff}.elementor-widget-text-editor.elementor-drop-cap-view-framed .elementor-drop-cap{color:#69727d;border:3px solid;background-color:transparent}.elementor-widget-text-editor:not(.elementor-drop-cap-view-default) .elementor-drop-cap{margin-top:8px}.elementor-widget-text-editor:not(.elementor-drop-cap-view-default) .elementor-drop-cap-letter{width:1em;height:1em}.elementor-widget-text-editor .elementor-drop-cap{float:left;text-align:center;line-height:1;font-size:50px}.elementor-widget-text-editor .elementor-drop-cap-letter{display:inline-block}<\/style>\t\t\t\t<h2 class=\"elementor-heading-title elementor-size-default\">\u062c\u0645\u064a\u0639 \u0639\u0631\u0648\u0636 \u0627\u0644\u0639\u0645\u0644 \u0644\u062f\u064a\u0646\u0627<\/h2><p>\u00a0<\/p><p>\u0627\u0644\u0648\u0635\u0648\u0644 \u0648\u062a\u0637\u0628\u064a\u0642 \u0627\u0644\u0622\u0646 \u0639\u0644\u0649 \u062c\u0645\u064a\u0639 \u0639\u0631\u0648\u0636 \u0627\u0644\u0639\u0645\u0644 \u0644\u062f\u064a\u0646\u0627 \u0648\u0627\u0644\u0628\u0639\u062b\u0627\u062a \u0627\u0644\u0645\u062a\u0627\u062d\u0629 \u0644\u0643. \u064a\u0645\u0643\u0646\u0643 \u062a\u062d\u062f\u064a\u062f \u0642\u0637\u0627\u0639 \u0645\u0639\u064a\u0646 \u0644\u062a\u0635\u0641\u064a\u0629 \u0627\u0644\u0646\u062a\u0627\u0626\u062c.<\/p><p><div class=\"job_listings\" data-location=\"\" data-keywords=\"\" data-show_filters=\"true\" data-show_pagination=\"false\" data-per_page=\"5\" data-orderby=\"featured\" data-order=\"DESC\" data-categories=\"\" data-disable-form-state-storage=\"\" data-post_id=\"21050\" >\n<form class=\"job_filters\" action=\"\">\n\t\n\t<div class=\"search_jobs\">\n\t\t\n\t\t<div class=\"search_keywords\">\n\t\t\t<label for=\"search_keywords\">\u0643\u0644\u0645\u0627\u062a \u0627\u0644\u0628\u062d\u062b<\/label>\n\t\t\t<input type=\"text\" name=\"search_keywords\" id=\"search_keywords\" placeholder=\"\u0643\u0644\u0645\u0627\u062a \u0627\u0644\u0628\u062d\u062b\" value=\"\" \/>\n\t\t<\/div>\n\n\t\t<div class=\"search_location\">\n\t\t\t<label for=\"search_location\">\u0627\u0644\u0645\u0643\u0627\u0646<\/label>\n\t\t\t<input type=\"text\" name=\"search_location\" id=\"search_location\" placeholder=\"\u0627\u0644\u0645\u0643\u0627\u0646\" value=\"\" \/>\n\t\t<\/div>\n\n\t\t\n\t\t<div style=\"clear: both\"><\/div>\n\n\t\t\t\t\t<div class=\"search_categories\">\n\t\t\t\t<label for=\"search_categories\">\u0627\u0644\u062a\u0635\u0646\u064a\u0641<\/label>\n\t\t\t\t\t\t\t\t\t<select name='search_categories[]' id='search_categories' class='job-manager-category-dropdown chosen-rtl' multiple='multiple' data-placeholder='\u0627\u062e\u062a\u0631 \u062a\u0635\u0646\u064a\u0641&hellip;' data-no_results_text='\u0644\u0627 \u062a\u0648\u062c\u062f \u0646\u062a\u0627\u0626\u062c \u0645\u062a\u0637\u0627\u0628\u0642\u0629' data-multiple_text='\u062a\u062d\u062f\u064a\u062f \u0623\u062d\u062f \u0627\u0644\u062e\u064a\u0627\u0631\u0627\u062a'>\n\t<option class=\"level-0\" value=\"195\">\u0625\u062f\u0627\u0631\u0629<\/option>\n\t<option class=\"level-0\" value=\"306\">Commerce<\/option>\n\t<option class=\"level-0\" value=\"280\">\u0627\u0644\u0645\u0627\u0644\u064a\u0629<\/option>\n\t<option class=\"level-0\" value=\"194\">\u0641\u0646\u062f\u0642\u0629<\/option>\n\t<option class=\"level-0\" value=\"304\">Tertiaire \/ Services<\/option>\n<\/select>\n\t\t\t\t\t\t\t<\/div>\n\t\t\n\t\t\t\t\t<div class=\"search_submit\">\n\t\t\t\t<input type=\"submit\" value=\"Search Jobs\">\n\t\t\t<\/div>\n\t\t\n\t\t\t<\/div>\n\n\t\t<ul class=\"job_types\">\n\t\t\t\t\t<li><label for=\"job_type_independant\" class=\"independant\"><input type=\"checkbox\" name=\"filter_job_type[]\" value=\"independant\"  checked='checked' id=\"job_type_independant\" \/> \u0627\u0644\u0645\u0633\u062a\u0642\u0644\u0629<\/label><\/li>\n\t\t\t\t\t<li><label for=\"job_type_stage-pratique\" class=\"stage-pratique\"><input type=\"checkbox\" name=\"filter_job_type[]\" value=\"stage-pratique\"  checked='checked' id=\"job_type_stage-pratique\" \/> \u0627\u0644\u062a\u062f\u0631\u064a\u0628 \u0627\u0644\u0639\u0645\u0644\u064a<\/label><\/li>\n\t\t\t\t\t<li><label for=\"job_type_temporaire\" class=\"temporaire\"><input type=\"checkbox\" name=\"filter_job_type[]\" value=\"temporaire\"  checked='checked' id=\"job_type_temporaire\" \/> \u0645\u0624\u0642\u062a<\/label><\/li>\n\t\t\t\t\t<li><label for=\"job_type_temps-partiel\" class=\"temps-partiel\"><input type=\"checkbox\" name=\"filter_job_type[]\" value=\"temps-partiel\"  checked='checked' id=\"job_type_temps-partiel\" \/> \u062f\u0648\u0627\u0645 \u062c\u0632\u0626\u064a<\/label><\/li>\n\t\t\t\t\t<li><label for=\"job_type_temps-plein\" class=\"temps-plein\"><input type=\"checkbox\" name=\"filter_job_type[]\" value=\"temps-plein\"  checked='checked' id=\"job_type_temps-plein\" \/> \u0628\u062f\u0648\u0627\u0645 \u0643\u0627\u0645\u0644<\/label><\/li>\n\t\t\t<\/ul>\n\t<input type=\"hidden\" name=\"filter_job_type[]\" value=\"\" \/>\n<div class=\"showing_jobs\"><\/div><input type=\"hidden\" name=\"trp-form-language\" value=\"ar\"\/><\/form>\n\n\n<noscript>\u0627\u0644\u0645\u062a\u0635\u0641\u062d \u0627\u0644\u062e\u0627\u0635 \u0628\u0643 \u0644\u0627 \u064a\u062f\u0639\u0645 \u062a\u0642\u0646\u064a\u0629 \u0627\u0644\u062c\u0627\u0641\u0627 \u0633\u0643\u0631\u064a\u0628\u062a \u0623\u0648 \u0623\u0646\u0647\u0627 \u0645\u0639\u0637\u0644\u0629. \u064a\u062c\u0628 \u062a\u0641\u0639\u064a\u0644\u0647\u0627 \u0644\u0643\u064a \u062a\u0633\u062a\u0637\u064a\u0639 \u0645\u0634\u0627\u0647\u062f\u0629 \u0627\u0644\u0628\u064a\u0627\u0646\u0627\u062a.<\/noscript>\n<ul class=\"job_listings\">\n<\/ul>\n<a class=\"load_more_jobs\" href=\"#\" style=\"display:none;\"><strong>\u062a\u062d\u0645\u0644 \u0627\u0644\u0645\u0632\u064a\u062f<\/strong><\/a><\/div><\/p>\t\t\t\t\t\t<\/div>\n\t\t\t\t<\/div>\n\t\t\t\t\t<\/div>\n\t\t<\/div>\n\t\t\t\t\t\t\t<\/div>\n\t\t<\/section>\n\t\t\t\t<section class=\"elementor-section elementor-top-section elementor-element elementor-element-d6b8fa3 elementor-section-stretched elementor-section-boxed elementor-section-height-default elementor-section-height-default\" data-id=\"d6b8fa3\" data-element_type=\"section\" data-settings=\"{&quot;stretch_section&quot;:&quot;section-stretched&quot;,&quot;background_background&quot;:&quot;classic&quot;}\">\n\t\t\t\t\t\t<div class=\"elementor-container elementor-column-gap-default\">\n\t\t\t\t\t<div class=\"elementor-column elementor-col-50 elementor-top-column elementor-element elementor-element-f4ddc8e\" data-id=\"f4ddc8e\" data-element_type=\"column\">\n\t\t\t<div class=\"elementor-widget-wrap elementor-element-populated\">\n\t\t\t\t\t\t\t\t<div class=\"elementor-element elementor-element-144ac41 elementor-widget elementor-widget-heading\" data-id=\"144ac41\" data-element_type=\"widget\" data-widget_type=\"heading.default\">\n\t\t\t\t<div class=\"elementor-widget-container\">\n\t\t\t<style>\/*! elementor - v3.18.0 - 08-12-2023 *\/\n.elementor-heading-title{padding:0;margin:0;line-height:1}.elementor-widget-heading .elementor-heading-title[class*=elementor-size-]>a{color:inherit;font-size:inherit;line-height:inherit}.elementor-widget-heading .elementor-heading-title.elementor-size-small{font-size:15px}.elementor-widget-heading .elementor-heading-title.elementor-size-medium{font-size:19px}.elementor-widget-heading .elementor-heading-title.elementor-size-large{font-size:29px}.elementor-widget-heading .elementor-heading-title.elementor-size-xl{font-size:39px}.elementor-widget-heading .elementor-heading-title.elementor-size-xxl{font-size:59px}<\/style><h2 class=\"elementor-heading-title elementor-size-default\">\u0623\u0646\u0634\u0626 \u0633\u064a\u0631\u062a\u0643 \u0627\u0644\u0630\u0627\u062a\u064a\u0629 \u0639\u0628\u0631 \u0627\u0644\u0625\u0646\u062a\u0631\u0646\u062a\n<\/h2>\t\t<\/div>\n\t\t\t\t<\/div>\n\t\t\t\t<div class=\"elementor-element elementor-element-85d747f elementor-widget-divider--view-line elementor-widget elementor-widget-divider\" data-id=\"85d747f\" data-element_type=\"widget\" data-widget_type=\"divider.default\">\n\t\t\t\t<div class=\"elementor-widget-container\">\n\t\t\t<style>\/*! elementor - v3.18.0 - 08-12-2023 *\/\n.elementor-widget-divider{--divider-border-style:none;--divider-border-width:1px;--divider-color:#0c0d0e;--divider-icon-size:20px;--divider-element-spacing:10px;--divider-pattern-height:24px;--divider-pattern-size:20px;--divider-pattern-url:none;--divider-pattern-repeat:repeat-x}.elementor-widget-divider .elementor-divider{display:flex}.elementor-widget-divider .elementor-divider__text{font-size:15px;line-height:1;max-width:95%}.elementor-widget-divider .elementor-divider__element{margin:0 var(--divider-element-spacing);flex-shrink:0}.elementor-widget-divider .elementor-icon{font-size:var(--divider-icon-size)}.elementor-widget-divider .elementor-divider-separator{display:flex;margin:0;direction:ltr}.elementor-widget-divider--view-line_icon .elementor-divider-separator,.elementor-widget-divider--view-line_text .elementor-divider-separator{align-items:center}.elementor-widget-divider--view-line_icon .elementor-divider-separator:after,.elementor-widget-divider--view-line_icon .elementor-divider-separator:before,.elementor-widget-divider--view-line_text .elementor-divider-separator:after,.elementor-widget-divider--view-line_text .elementor-divider-separator:before{display:block;content:\"\";border-bottom:0;flex-grow:1;border-top:var(--divider-border-width) var(--divider-border-style) var(--divider-color)}.elementor-widget-divider--element-align-left .elementor-divider .elementor-divider-separator>.elementor-divider__svg:first-of-type{flex-grow:0;flex-shrink:100}.elementor-widget-divider--element-align-left .elementor-divider-separator:before{content:none}.elementor-widget-divider--element-align-left .elementor-divider__element{margin-left:0}.elementor-widget-divider--element-align-right .elementor-divider .elementor-divider-separator>.elementor-divider__svg:last-of-type{flex-grow:0;flex-shrink:100}.elementor-widget-divider--element-align-right .elementor-divider-separator:after{content:none}.elementor-widget-divider--element-align-right .elementor-divider__element{margin-right:0}.elementor-widget-divider:not(.elementor-widget-divider--view-line_text):not(.elementor-widget-divider--view-line_icon) .elementor-divider-separator{border-top:var(--divider-border-width) var(--divider-border-style) var(--divider-color)}.elementor-widget-divider--separator-type-pattern{--divider-border-style:none}.elementor-widget-divider--separator-type-pattern.elementor-widget-divider--view-line .elementor-divider-separator,.elementor-widget-divider--separator-type-pattern:not(.elementor-widget-divider--view-line) .elementor-divider-separator:after,.elementor-widget-divider--separator-type-pattern:not(.elementor-widget-divider--view-line) .elementor-divider-separator:before,.elementor-widget-divider--separator-type-pattern:not([class*=elementor-widget-divider--view]) .elementor-divider-separator{width:100%;min-height:var(--divider-pattern-height);-webkit-mask-size:var(--divider-pattern-size) 100%;mask-size:var(--divider-pattern-size) 100%;-webkit-mask-repeat:var(--divider-pattern-repeat);mask-repeat:var(--divider-pattern-repeat);background-color:var(--divider-color);-webkit-mask-image:var(--divider-pattern-url);mask-image:var(--divider-pattern-url)}.elementor-widget-divider--no-spacing{--divider-pattern-size:auto}.elementor-widget-divider--bg-round{--divider-pattern-repeat:round}.rtl .elementor-widget-divider .elementor-divider__text{direction:rtl}.e-con-inner>.elementor-widget-divider,.e-con>.elementor-widget-divider{width:var(--container-widget-width,100%);--flex-grow:var(--container-widget-flex-grow)}<\/style>\t\t<div class=\"elementor-divider\">\n\t\t\t<span class=\"elementor-divider-separator\">\n\t\t\t\t\t\t<\/span>\n\t\t<\/div>\n\t\t\t\t<\/div>\n\t\t\t\t<\/div>\n\t\t\t\t<div class=\"elementor-element elementor-element-e7ab885 elementor-widget__width-initial elementor-widget elementor-widget-text-editor\" data-id=\"e7ab885\" data-element_type=\"widget\" data-widget_type=\"text-editor.default\">\n\t\t\t\t<div class=\"elementor-widget-container\">\n\t\t\t\t\t\t\t<p>\u0647\u0644 \u062a\u0628\u062d\u062b \u0639\u0646 \u0648\u0638\u064a\u0641\u0629 \u0648\u0644\u0643\u0646\u0643 \u062a\u0634\u0643 \u0641\u064a \u0642\u062f\u0631\u0627\u062a\u0643 \u0623\u0648 \u0627\u0644\u0648\u0638\u0627\u0626\u0641 \u0627\u0644\u062a\u064a \u064a\u062c\u0628 \u0627\u0644\u062a\u0642\u062f\u0645 \u0644\u0647\u0627?<\/p><p>\u0623\u0631\u0633\u0644 \u0644\u0646\u0627 \u0633\u064a\u0631\u062a\u0643 \u0627\u0644\u0630\u0627\u062a\u064a\u0629 \u0623\u0648 \u0627\u0633\u062a\u062e\u062f\u0645 \u0646\u0645\u0648\u0630\u062c\u0646\u0627 \u0639\u0628\u0631 \u0627\u0644\u0625\u0646\u062a\u0631\u0646\u062a \u0644\u0625\u0646\u0634\u0627\u0621 \u0648\u0627\u062d\u062f\u0629. \u0633\u062a\u0642\u0648\u0645 \u0641\u0631\u0642\u0646\u0627 \u0628\u0641\u062d\u0635 \u0645\u0633\u0627\u0631\u0627\u062a \u062d\u064a\u0627\u062a\u0643 \u0627\u0644\u0645\u0647\u0646\u064a\u0629 \u0648\u0642\u062f\u0631\u0627\u062a\u0643 \u0627\u0644\u0645\u0647\u0646\u064a\u0629 \u0644\u0627\u0642\u062a\u0631\u0627\u062d \u0627\u0644\u0645\u0647\u0627\u0645 \u0627\u0644\u0645\u0642\u0627\u0628\u0644\u0629 \u0644\u0645\u0644\u0641\u0643 \u0627\u0644\u0634\u062e\u0635\u064a.<\/p>\t\t\t\t\t\t<\/div>\n\t\t\t\t<\/div>\n\t\t\t\t<div class=\"elementor-element elementor-element-0accbd4 elementor-widget elementor-widget-button\" data-id=\"0accbd4\" data-element_type=\"widget\" data-widget_type=\"button.default\">\n\t\t\t\t<div class=\"elementor-widget-container\">\n\t\t\t\t\t<div class=\"elementor-button-wrapper\">\n\t\t\t<a class=\"elementor-button elementor-button-link elementor-size-sm\" href=\"\/ar\/soumettre-un-cv\/\">\n\t\t\t\t\t\t<span class=\"elementor-button-content-wrapper\">\n\t\t\t\t\t\t<span class=\"elementor-button-text\">\u0623\u0631\u0633\u0644 \u0633\u064a\u0631\u062a\u0643 \u0627\u0644\u0630\u0627\u062a\u064a\u0629<\/span>\n\t\t<\/span>\n\t\t\t\t\t<\/a>\n\t\t<\/div>\n\t\t\t\t<\/div>\n\t\t\t\t<\/div>\n\t\t\t\t\t<\/div>\n\t\t<\/div>\n\t\t\t\t<div class=\"elementor-column elementor-col-50 elementor-top-column elementor-element elementor-element-e1b4294\" data-id=\"e1b4294\" data-element_type=\"column\">\n\t\t\t<div class=\"elementor-widget-wrap elementor-element-populated\">\n\t\t\t\t\t\t\t\t<div class=\"elementor-element elementor-element-82ac5b9 elementor-widget elementor-widget-image\" data-id=\"82ac5b9\" data-element_type=\"widget\" data-widget_type=\"image.default\">\n\t\t\t\t<div class=\"elementor-widget-container\">\n\t\t\t<style>\/*! elementor - v3.18.0 - 08-12-2023 *\/\n.elementor-widget-image{text-align:center}.elementor-widget-image a{display:inline-block}.elementor-widget-image a img[src$=\".svg\"]{width:48px}.elementor-widget-image img{vertical-align:middle;display:inline-block}<\/style>\t\t\t\t\t\t\t\t\t\t\t\t<img fetchpriority=\"high\" decoding=\"async\" width=\"585\" height=\"408\" src=\"https:\/\/kibajobs.com\/wp-content\/uploads\/2023\/12\/Offres_img01.png\" class=\"attachment-large size-large wp-image-21904\" alt=\"\" srcset=\"https:\/\/kibajobs.com\/wp-content\/uploads\/2023\/12\/Offres_img01.png 585w, https:\/\/kibajobs.com\/wp-content\/uploads\/2023\/12\/Offres_img01-300x209.png 300w, https:\/\/kibajobs.com\/wp-content\/uploads\/2023\/12\/Offres_img01-18x12.png 18w\" sizes=\"(max-width: 585px) 100vw, 585px\" \/>\t\t\t\t\t\t\t\t\t\t\t\t\t\t\t<\/div>\n\t\t\t\t<\/div>\n\t\t\t\t\t<\/div>\n\t\t<\/div>\n\t\t\t\t\t\t\t<\/div>\n\t\t<\/section>\n\t\t\t\t<section class=\"elementor-section elementor-top-section elementor-element elementor-element-b1fe8f7 elementor-section-boxed elementor-section-height-default elementor-section-height-default\" data-id=\"b1fe8f7\" data-element_type=\"section\">\n\t\t\t\t\t\t<div class=\"elementor-container elementor-column-gap-default\">\n\t\t\t\t\t<div class=\"elementor-column elementor-col-100 elementor-top-column elementor-element elementor-element-5aa3906\" data-id=\"5aa3906\" data-element_type=\"column\">\n\t\t\t<div class=\"elementor-widget-wrap elementor-element-populated\">\n\t\t\t\t\t\t\t\t<div class=\"elementor-element elementor-element-be67ff0 elementor-widget elementor-widget-heading\" data-id=\"be67ff0\" data-element_type=\"widget\" data-widget_type=\"heading.default\">\n\t\t\t\t<div class=\"elementor-widget-container\">\n\t\t\t<h2 class=\"elementor-heading-title elementor-size-default\">\u0627\u0644\u0628\u062d\u062b \u0639\u0646 \u0648\u0638\u064a\u0641\u0629 \u062d\u0633\u0628 \u0627\u0644\u0642\u0637\u0627\u0639\n<\/h2>\t\t<\/div>\n\t\t\t\t<\/div>\n\t\t\t\t<div class=\"elementor-element elementor-element-91ca272 elementor-widget elementor-widget-text-editor\" data-id=\"91ca272\" data-element_type=\"widget\" data-widget_type=\"text-editor.default\">\n\t\t\t\t<div class=\"elementor-widget-container\">\n\t\t\t\t\t\t\t<p>Nous sommes sp\u00e9cialis\u00e9s dans les secteurs suivants :<\/p>\t\t\t\t\t\t<\/div>\n\t\t\t\t<\/div>\n\t\t\t\t<div class=\"elementor-element elementor-element-afe5447 elementor-widget elementor-widget-Ctea-category\" data-id=\"afe5447\" data-element_type=\"widget\" data-widget_type=\"Ctea-category.default\">\n\t\t\t\t<div class=\"elementor-widget-container\">\n\t\t\t\n\n        <div class=\"job-cat-sec\">\n\n\n                    \n                                                <div class=\"job-cat-wrap job-cateory-with-image grid-layout\"> \n                            \t\t\t\t<div class=\"single-job-cat\" style=\"background-image: url(https:\/\/kibajobs.com\/wp-content\/uploads\/2023\/12\/Rectangle-40.png);\">\n\t\t\t\t\t\t\t<a href =\"https:\/\/kibajobs.com\/ar\/jobs\/?search_category=195\">\n\t\t\t\t\t\t\t<div class=\"single-job-cat-wrap\">\n\t\t\t\t\t\t\t<div class=\"category-icon\">\n\t\t\t\t\t\t\t\t\t\t\t\t\t\t<\/div>\n\t\t\t\t\t\t\t\t<div class=\"cat-infos\"><h3>\u0625\u062f\u0627\u0631\u0629<\/h3>\n\t\t\t\t\t\t\t\t<span>5 Offres <\/span><\/div>\n\t\t\t\t\t\t\t<\/div>\n\t\t\t\t\t\t\t<\/a>\n\t\t\t\t\t\t<\/div>\n\t\t\t\t\t\t\t\t\t\t<div class=\"single-job-cat\" style=\"background-image: url(https:\/\/kibajobs.com\/wp-content\/uploads\/2024\/01\/Agriculture.jpg);\">\n\t\t\t\t\t\t\t<a href =\"https:\/\/kibajobs.com\/ar\/jobs\/?search_category=278\">\n\t\t\t\t\t\t\t<div class=\"single-job-cat-wrap\">\n\t\t\t\t\t\t\t<div class=\"category-icon\">\n\t\t\t\t\t\t\t\t\t\t\t\t\t\t<\/div>\n\t\t\t\t\t\t\t\t<div class=\"cat-infos\"><h3>\u0641\u0644\u0627\u062d\u0629<\/h3>\n\t\t\t\t\t\t\t\t<span>0 Offres <\/span><\/div>\n\t\t\t\t\t\t\t<\/div>\n\t\t\t\t\t\t\t<\/a>\n\t\t\t\t\t\t<\/div>\n\t\t\t\t\t\t\t\t\t\t<div class=\"single-job-cat\" style=\"\">\n\t\t\t\t\t\t\t<a href =\"https:\/\/kibajobs.com\/ar\/jobs\/?search_category=307\">\n\t\t\t\t\t\t\t<div class=\"single-job-cat-wrap\">\n\t\t\t\t\t\t\t<div class=\"category-icon\">\n\t\t\t\t\t\t\t\t\t\t\t\t\t\t<\/div>\n\t\t\t\t\t\t\t\t<div class=\"cat-infos\"><h3>BTP<\/h3>\n\t\t\t\t\t\t\t\t<span>0 Offres <\/span><\/div>\n\t\t\t\t\t\t\t<\/div>\n\t\t\t\t\t\t\t<\/a>\n\t\t\t\t\t\t<\/div>\n\t\t\t\t\t\t\t\t\t\t<div class=\"single-job-cat\" style=\"\">\n\t\t\t\t\t\t\t<a href =\"https:\/\/kibajobs.com\/ar\/jobs\/?search_category=306\">\n\t\t\t\t\t\t\t<div class=\"single-job-cat-wrap\">\n\t\t\t\t\t\t\t<div class=\"category-icon\">\n\t\t\t\t\t\t\t\t\t\t\t\t\t\t<\/div>\n\t\t\t\t\t\t\t\t<div class=\"cat-infos\"><h3>Commerce<\/h3>\n\t\t\t\t\t\t\t\t<span>1 Offres <\/span><\/div>\n\t\t\t\t\t\t\t<\/div>\n\t\t\t\t\t\t\t<\/a>\n\t\t\t\t\t\t<\/div>\n\t\t\t\t\t\t\t\t\t\t<div class=\"single-job-cat\" style=\"background-image: url(https:\/\/kibajobs.com\/wp-content\/uploads\/2024\/01\/pexels-yan-krukau-7693229-scaled.jpg);\">\n\t\t\t\t\t\t\t<a href =\"https:\/\/kibajobs.com\/ar\/jobs\/?search_category=280\">\n\t\t\t\t\t\t\t<div class=\"single-job-cat-wrap\">\n\t\t\t\t\t\t\t<div class=\"category-icon\">\n\t\t\t\t\t\t\t\t\t\t\t\t\t\t<\/div>\n\t\t\t\t\t\t\t\t<div class=\"cat-infos\"><h3>\u0627\u0644\u0645\u0627\u0644\u064a\u0629<\/h3>\n\t\t\t\t\t\t\t\t<span>2 Offres <\/span><\/div>\n\t\t\t\t\t\t\t<\/div>\n\t\t\t\t\t\t\t<\/a>\n\t\t\t\t\t\t<\/div>\n\t\t\t\t\t\t\t\t\t\t<div class=\"single-job-cat\" style=\"background-image: url(https:\/\/kibajobs.com\/wp-content\/uploads\/2023\/12\/Rectangle-39.png);\">\n\t\t\t\t\t\t\t<a href =\"https:\/\/kibajobs.com\/ar\/jobs\/?search_category=194\">\n\t\t\t\t\t\t\t<div class=\"single-job-cat-wrap\">\n\t\t\t\t\t\t\t<div class=\"category-icon\">\n\t\t\t\t\t\t\t\t\t\t\t\t\t\t<\/div>\n\t\t\t\t\t\t\t\t<div class=\"cat-infos\"><h3>\u0641\u0646\u062f\u0642\u0629<\/h3>\n\t\t\t\t\t\t\t\t<span>1 Offres <\/span><\/div>\n\t\t\t\t\t\t\t<\/div>\n\t\t\t\t\t\t\t<\/a>\n\t\t\t\t\t\t<\/div>\n\t\t\t\t\t\t\t\t\t\t<div class=\"single-job-cat\" style=\"background-image: url(https:\/\/kibajobs.com\/wp-content\/uploads\/2024\/01\/Industrie.jpg);\">\n\t\t\t\t\t\t\t<a href =\"https:\/\/kibajobs.com\/ar\/jobs\/?search_category=279\">\n\t\t\t\t\t\t\t<div class=\"single-job-cat-wrap\">\n\t\t\t\t\t\t\t<div class=\"category-icon\">\n\t\t\t\t\t\t\t\t\t\t\t\t\t\t<\/div>\n\t\t\t\t\t\t\t\t<div class=\"cat-infos\"><h3>\u0627\u0644\u0635\u0646\u0627\u0639\u0627\u062a \u0627\u0644\u062b\u0642\u064a\u0644\u0629<\/h3>\n\t\t\t\t\t\t\t\t<span>0 Offres <\/span><\/div>\n\t\t\t\t\t\t\t<\/div>\n\t\t\t\t\t\t\t<\/a>\n\t\t\t\t\t\t<\/div>\n\t\t\t\t\t\t\t\t\t\t<div class=\"single-job-cat\" style=\"background-image: url(https:\/\/kibajobs.com\/wp-content\/uploads\/2024\/01\/medical.jpg);\">\n\t\t\t\t\t\t\t<a href =\"https:\/\/kibajobs.com\/ar\/jobs\/?search_category=281\">\n\t\t\t\t\t\t\t<div class=\"single-job-cat-wrap\">\n\t\t\t\t\t\t\t<div class=\"category-icon\">\n\t\t\t\t\t\t\t\t\t\t\t\t\t\t<\/div>\n\t\t\t\t\t\t\t\t<div class=\"cat-infos\"><h3>\u0627\u0644\u0637\u0628\u064a\u0629 \u0648 \u0634\u0628\u0647 \u0627\u0644\u0637\u0628\u064a\u0629<\/h3>\n\t\t\t\t\t\t\t\t<span>0 Offres <\/span><\/div>\n\t\t\t\t\t\t\t<\/div>\n\t\t\t\t\t\t\t<\/a>\n\t\t\t\t\t\t<\/div>\n\t\t\t\t\t\t\t\t\t\t<div class=\"single-job-cat\" style=\"\">\n\t\t\t\t\t\t\t<a href =\"https:\/\/kibajobs.com\/ar\/jobs\/?search_category=304\">\n\t\t\t\t\t\t\t<div class=\"single-job-cat-wrap\">\n\t\t\t\t\t\t\t<div class=\"category-icon\">\n\t\t\t\t\t\t\t\t\t\t\t\t\t\t<\/div>\n\t\t\t\t\t\t\t\t<div class=\"cat-infos\"><h3>Tertiaire \/ Services<\/h3>\n\t\t\t\t\t\t\t\t<span>1 Offres <\/span><\/div>\n\t\t\t\t\t\t\t<\/div>\n\t\t\t\t\t\t\t<\/a>\n\t\t\t\t\t\t<\/div>\n\t\t\t\t\t\t\t\t\t\t<div class=\"single-job-cat\" style=\"background-image: url(https:\/\/kibajobs.com\/wp-content\/uploads\/2024\/01\/tourisme.jpg);\">\n\t\t\t\t\t\t\t<a href =\"https:\/\/kibajobs.com\/ar\/jobs\/?search_category=282\">\n\t\t\t\t\t\t\t<div class=\"single-job-cat-wrap\">\n\t\t\t\t\t\t\t<div class=\"category-icon\">\n\t\t\t\t\t\t\t\t\t\t\t\t\t\t<\/div>\n\t\t\t\t\t\t\t\t<div class=\"cat-infos\"><h3>\u0627\u0644\u0633\u064a\u0627\u062d\u0629 \u0648\u0627\u0644\u062a\u0631\u0641\u064a\u0647<\/h3>\n\t\t\t\t\t\t\t\t<span>0 Offres <\/span><\/div>\n\t\t\t\t\t\t\t<\/div>\n\t\t\t\t\t\t\t<\/a>\n\t\t\t\t\t\t<\/div>\n\t\t\t\t\t\t\t\t\t\t<div class=\"single-job-cat\" style=\"background-image: url(https:\/\/kibajobs.com\/wp-content\/uploads\/2024\/01\/logistique.jpg);\">\n\t\t\t\t\t\t\t<a href =\"https:\/\/kibajobs.com\/ar\/jobs\/?search_category=283\">\n\t\t\t\t\t\t\t<div class=\"single-job-cat-wrap\">\n\t\t\t\t\t\t\t<div class=\"category-icon\">\n\t\t\t\t\t\t\t\t\t\t\t\t\t\t<\/div>\n\t\t\t\t\t\t\t\t<div class=\"cat-infos\"><h3>\u0627\u0644\u0646\u0642\u0644 \u0648 \u0627\u0644\u0644\u0648\u062c\u0633\u062a\u064a\u0643<\/h3>\n\t\t\t\t\t\t\t\t<span>0 Offres <\/span><\/div>\n\t\t\t\t\t\t\t<\/div>\n\t\t\t\t\t\t\t<\/a>\n\t\t\t\t\t\t<\/div>\n\t\t\t\t\t\t                            <\/div>\n                                                \n                <\/div>\n\n\n        \t\t<\/div>\n\t\t\t\t<\/div>\n\t\t\t\t\t<\/div>\n\t\t<\/div>\n\t\t\t\t\t\t\t<\/div>\n\t\t<\/section>\n\t\t\t\t\t\t\t<\/div>","protected":false},"excerpt":{"rendered":"<p>Toutes nos offres d&#8217;emploi \u00a0 Acc\u00e9dez et postulez d\u00e8s \u00e0 pr\u00e9sent \u00e0 toutes nos offres d\u2019emploi et de missions mises \u00e0 votre disposition. Vous pouvez s\u00e9lectionner un secteur en particulier pour filtrer les r\u00e9sultats. Cr\u00e9er votre CV en ligne Vous \u00eates en qu\u00eate d&#8217;emploi mais doutez de vos aptitudes ou des postes \u00e0 solliciter ? [&hellip;]<\/p>","protected":false},"author":1,"featured_media":0,"parent":0,"menu_order":0,"comment_status":"closed","ping_status":"closed","template":"page-templates\/template-fullwidth.php","meta":{"footnotes":""},"class_list":["post-21050","page","type-page","status-publish","hentry"],"_links":{"self":[{"href":"https:\/\/kibajobs.com\/ar\/wp-json\/wp\/v2\/pages\/21050","targetHints":{"allow":["GET"]}}],"collection":[{"href":"https:\/\/kibajobs.com\/ar\/wp-json\/wp\/v2\/pages"}],"about":[{"href":"https:\/\/kibajobs.com\/ar\/wp-json\/wp\/v2\/types\/page"}],"author":[{"embeddable":true,"href":"https:\/\/kibajobs.com\/ar\/wp-json\/wp\/v2\/users\/1"}],"replies":[{"embeddable":true,"href":"https:\/\/kibajobs.com\/ar\/wp-json\/wp\/v2\/comments?post=21050"}],"version-history":[{"count":49,"href":"https:\/\/kibajobs.com\/ar\/wp-json\/wp\/v2\/pages\/21050\/revisions"}],"predecessor-version":[{"id":23709,"href":"https:\/\/kibajobs.com\/ar\/wp-json\/wp\/v2\/pages\/21050\/revisions\/23709"}],"wp:attachment":[{"href":"https:\/\/kibajobs.com\/ar\/wp-json\/wp\/v2\/media?parent=21050"}],"curies":[{"name":"wp","href":"https:\/\/api.w.org\/{rel}","templated":true}]}}