{"id":21136,"date":"2022-06-21T02:06:43","date_gmt":"2022-06-21T02:06:43","guid":{"rendered":"https:\/\/demo.flawlessthemes.com\/espyjobspro1\/?page_id=21136"},"modified":"2024-05-25T10:59:31","modified_gmt":"2024-05-25T08:59:31","slug":"entreprises-2","status":"publish","type":"page","link":"https:\/\/kibajobs.com\/ar\/entreprises-2\/","title":{"rendered":"\u0627\u0644\u0634\u0631\u0643\u0627\u062a"},"content":{"rendered":"<div data-elementor-type=\"wp-page\" data-elementor-id=\"21136\" class=\"elementor elementor-21136\">\n\t\t\t\t\t\t\t\t\t<section class=\"elementor-section elementor-top-section elementor-element elementor-element-4af694b elementor-section-stretched elementor-section-boxed elementor-section-height-default elementor-section-height-default\" data-id=\"4af694b\" data-element_type=\"section\" data-settings=\"{&quot;stretch_section&quot;:&quot;section-stretched&quot;,&quot;background_background&quot;:&quot;classic&quot;}\">\n\t\t\t\t\t\t\t<div class=\"elementor-background-overlay\"><\/div>\n\t\t\t\t\t\t\t<div class=\"elementor-container elementor-column-gap-default\">\n\t\t\t\t\t<div class=\"elementor-column elementor-col-100 elementor-top-column elementor-element elementor-element-76a15d9\" data-id=\"76a15d9\" data-element_type=\"column\">\n\t\t\t<div class=\"elementor-widget-wrap elementor-element-populated\">\n\t\t\t\t\t\t\t\t<div class=\"elementor-element elementor-element-89812d6 elementor-widget elementor-widget-heading\" data-id=\"89812d6\" data-element_type=\"widget\" data-widget_type=\"heading.default\">\n\t\t\t\t<div class=\"elementor-widget-container\">\n\t\t\t<style>\/*! elementor - v3.18.0 - 08-12-2023 *\/\n.elementor-heading-title{padding:0;margin:0;line-height:1}.elementor-widget-heading .elementor-heading-title[class*=elementor-size-]>a{color:inherit;font-size:inherit;line-height:inherit}.elementor-widget-heading .elementor-heading-title.elementor-size-small{font-size:15px}.elementor-widget-heading .elementor-heading-title.elementor-size-medium{font-size:19px}.elementor-widget-heading .elementor-heading-title.elementor-size-large{font-size:29px}.elementor-widget-heading .elementor-heading-title.elementor-size-xl{font-size:39px}.elementor-widget-heading .elementor-heading-title.elementor-size-xxl{font-size:59px}<\/style><h2 class=\"elementor-heading-title elementor-size-default\">\u0641\u0636\u0627\u0621 \u0627\u0644\u0634\u0631\u0643\u0627\u062a<\/h2>\t\t<\/div>\n\t\t\t\t<\/div>\n\t\t\t\t\t<\/div>\n\t\t<\/div>\n\t\t\t\t\t\t\t<\/div>\n\t\t<\/section>\n\t\t\t\t<section class=\"elementor-section elementor-top-section elementor-element elementor-element-460fdf8e elementor-section-boxed elementor-section-height-default elementor-section-height-default\" data-id=\"460fdf8e\" data-element_type=\"section\">\n\t\t\t\t\t\t<div class=\"elementor-container elementor-column-gap-default\">\n\t\t\t\t\t<div class=\"elementor-column elementor-col-100 elementor-top-column elementor-element elementor-element-2ba7b9f5\" data-id=\"2ba7b9f5\" data-element_type=\"column\">\n\t\t\t<div class=\"elementor-widget-wrap elementor-element-populated\">\n\t\t\t\t\t\t\t\t<div class=\"elementor-element elementor-element-0407b05 elementor-widget elementor-widget-heading\" data-id=\"0407b05\" data-element_type=\"widget\" data-widget_type=\"heading.default\">\n\t\t\t\t<div class=\"elementor-widget-container\">\n\t\t\t<h2 class=\"elementor-heading-title elementor-size-default\">KIBA JOBS<\/h2>\t\t<\/div>\n\t\t\t\t<\/div>\n\t\t\t\t<div class=\"elementor-element elementor-element-f0d4d3d elementor-widget elementor-widget-text-editor\" data-id=\"f0d4d3d\" data-element_type=\"widget\" data-widget_type=\"text-editor.default\">\n\t\t\t\t<div class=\"elementor-widget-container\">\n\t\t\t<style>\/*! elementor - v3.18.0 - 08-12-2023 *\/\n.elementor-widget-text-editor.elementor-drop-cap-view-stacked .elementor-drop-cap{background-color:#69727d;color:#fff}.elementor-widget-text-editor.elementor-drop-cap-view-framed .elementor-drop-cap{color:#69727d;border:3px solid;background-color:transparent}.elementor-widget-text-editor:not(.elementor-drop-cap-view-default) .elementor-drop-cap{margin-top:8px}.elementor-widget-text-editor:not(.elementor-drop-cap-view-default) .elementor-drop-cap-letter{width:1em;height:1em}.elementor-widget-text-editor .elementor-drop-cap{float:left;text-align:center;line-height:1;font-size:50px}.elementor-widget-text-editor .elementor-drop-cap-letter{display:inline-block}<\/style>\t\t\t\t<p>\u0634\u0631\u064a\u0643\u0643 \u0627\u0644\u0623\u0633\u0627\u0633\u064a \u0641\u064a \u0627\u0644\u062a\u0648\u0638\u064a\u0641 !<\/p>\t\t\t\t\t\t<\/div>\n\t\t\t\t<\/div>\n\t\t\t\t<div class=\"elementor-element elementor-element-9ee857e elementor-widget-divider--view-line elementor-widget elementor-widget-divider\" data-id=\"9ee857e\" data-element_type=\"widget\" data-widget_type=\"divider.default\">\n\t\t\t\t<div class=\"elementor-widget-container\">\n\t\t\t<style>\/*! elementor - v3.18.0 - 08-12-2023 *\/\n.elementor-widget-divider{--divider-border-style:none;--divider-border-width:1px;--divider-color:#0c0d0e;--divider-icon-size:20px;--divider-element-spacing:10px;--divider-pattern-height:24px;--divider-pattern-size:20px;--divider-pattern-url:none;--divider-pattern-repeat:repeat-x}.elementor-widget-divider .elementor-divider{display:flex}.elementor-widget-divider .elementor-divider__text{font-size:15px;line-height:1;max-width:95%}.elementor-widget-divider .elementor-divider__element{margin:0 var(--divider-element-spacing);flex-shrink:0}.elementor-widget-divider .elementor-icon{font-size:var(--divider-icon-size)}.elementor-widget-divider .elementor-divider-separator{display:flex;margin:0;direction:ltr}.elementor-widget-divider--view-line_icon .elementor-divider-separator,.elementor-widget-divider--view-line_text .elementor-divider-separator{align-items:center}.elementor-widget-divider--view-line_icon .elementor-divider-separator:after,.elementor-widget-divider--view-line_icon .elementor-divider-separator:before,.elementor-widget-divider--view-line_text .elementor-divider-separator:after,.elementor-widget-divider--view-line_text .elementor-divider-separator:before{display:block;content:\"\";border-bottom:0;flex-grow:1;border-top:var(--divider-border-width) var(--divider-border-style) var(--divider-color)}.elementor-widget-divider--element-align-left .elementor-divider .elementor-divider-separator>.elementor-divider__svg:first-of-type{flex-grow:0;flex-shrink:100}.elementor-widget-divider--element-align-left .elementor-divider-separator:before{content:none}.elementor-widget-divider--element-align-left .elementor-divider__element{margin-left:0}.elementor-widget-divider--element-align-right .elementor-divider .elementor-divider-separator>.elementor-divider__svg:last-of-type{flex-grow:0;flex-shrink:100}.elementor-widget-divider--element-align-right .elementor-divider-separator:after{content:none}.elementor-widget-divider--element-align-right .elementor-divider__element{margin-right:0}.elementor-widget-divider:not(.elementor-widget-divider--view-line_text):not(.elementor-widget-divider--view-line_icon) .elementor-divider-separator{border-top:var(--divider-border-width) var(--divider-border-style) var(--divider-color)}.elementor-widget-divider--separator-type-pattern{--divider-border-style:none}.elementor-widget-divider--separator-type-pattern.elementor-widget-divider--view-line .elementor-divider-separator,.elementor-widget-divider--separator-type-pattern:not(.elementor-widget-divider--view-line) .elementor-divider-separator:after,.elementor-widget-divider--separator-type-pattern:not(.elementor-widget-divider--view-line) .elementor-divider-separator:before,.elementor-widget-divider--separator-type-pattern:not([class*=elementor-widget-divider--view]) .elementor-divider-separator{width:100%;min-height:var(--divider-pattern-height);-webkit-mask-size:var(--divider-pattern-size) 100%;mask-size:var(--divider-pattern-size) 100%;-webkit-mask-repeat:var(--divider-pattern-repeat);mask-repeat:var(--divider-pattern-repeat);background-color:var(--divider-color);-webkit-mask-image:var(--divider-pattern-url);mask-image:var(--divider-pattern-url)}.elementor-widget-divider--no-spacing{--divider-pattern-size:auto}.elementor-widget-divider--bg-round{--divider-pattern-repeat:round}.rtl .elementor-widget-divider .elementor-divider__text{direction:rtl}.e-con-inner>.elementor-widget-divider,.e-con>.elementor-widget-divider{width:var(--container-widget-width,100%);--flex-grow:var(--container-widget-flex-grow)}<\/style>\t\t<div class=\"elementor-divider\">\n\t\t\t<span class=\"elementor-divider-separator\">\n\t\t\t\t\t\t<\/span>\n\t\t<\/div>\n\t\t\t\t<\/div>\n\t\t\t\t<\/div>\n\t\t\t\t\t<\/div>\n\t\t<\/div>\n\t\t\t\t\t\t\t<\/div>\n\t\t<\/section>\n\t\t\t\t<section class=\"elementor-section elementor-top-section elementor-element elementor-element-1cb014c elementor-section-content-middle elementor-section-boxed elementor-section-height-default elementor-section-height-default\" data-id=\"1cb014c\" data-element_type=\"section\">\n\t\t\t\t\t\t<div class=\"elementor-container elementor-column-gap-no\">\n\t\t\t\t\t<div class=\"elementor-column elementor-col-50 elementor-top-column elementor-element elementor-element-218a475\" data-id=\"218a475\" data-element_type=\"column\">\n\t\t\t<div class=\"elementor-widget-wrap elementor-element-populated\">\n\t\t\t\t\t\t\t\t<div class=\"elementor-element elementor-element-f77a079 elementor-widget elementor-widget-image\" data-id=\"f77a079\" data-element_type=\"widget\" data-widget_type=\"image.default\">\n\t\t\t\t<div class=\"elementor-widget-container\">\n\t\t\t<style>\/*! elementor - v3.18.0 - 08-12-2023 *\/\n.elementor-widget-image{text-align:center}.elementor-widget-image a{display:inline-block}.elementor-widget-image a img[src$=\".svg\"]{width:48px}.elementor-widget-image img{vertical-align:middle;display:inline-block}<\/style>\t\t\t\t\t\t\t\t\t\t\t\t<img fetchpriority=\"high\" decoding=\"async\" width=\"1452\" height=\"1198\" src=\"https:\/\/kibajobs.com\/wp-content\/uploads\/2022\/11\/Screenshot-2022-11-20-at-17.36.37-min.png\" class=\"attachment-full size-full wp-image-21337\" alt=\"\" srcset=\"https:\/\/kibajobs.com\/wp-content\/uploads\/2022\/11\/Screenshot-2022-11-20-at-17.36.37-min.png 1452w, https:\/\/kibajobs.com\/wp-content\/uploads\/2022\/11\/Screenshot-2022-11-20-at-17.36.37-min-300x248.png 300w, https:\/\/kibajobs.com\/wp-content\/uploads\/2022\/11\/Screenshot-2022-11-20-at-17.36.37-min-1024x845.png 1024w, https:\/\/kibajobs.com\/wp-content\/uploads\/2022\/11\/Screenshot-2022-11-20-at-17.36.37-min-768x634.png 768w\" sizes=\"(max-width: 1452px) 100vw, 1452px\" \/>\t\t\t\t\t\t\t\t\t\t\t\t\t\t\t<\/div>\n\t\t\t\t<\/div>\n\t\t\t\t\t<\/div>\n\t\t<\/div>\n\t\t\t\t<div class=\"elementor-column elementor-col-50 elementor-top-column elementor-element elementor-element-38a36bd\" data-id=\"38a36bd\" data-element_type=\"column\">\n\t\t\t<div class=\"elementor-widget-wrap elementor-element-populated\">\n\t\t\t\t\t\t\t\t<div class=\"elementor-element elementor-element-979846b section-title elementor-widget elementor-widget-heading\" data-id=\"979846b\" data-element_type=\"widget\" data-widget_type=\"heading.default\">\n\t\t\t\t<div class=\"elementor-widget-container\">\n\t\t\t<h2 class=\"elementor-heading-title elementor-size-default\">\u0627\u062d\u062a\u064a\u0627\u062c\u0627\u062a\u0643\u0645\u060c \u062e\u0628\u0631\u062a\u0646\u0627\n<\/h2>\t\t<\/div>\n\t\t\t\t<\/div>\n\t\t\t\t<div class=\"elementor-element elementor-element-8379ca5 elementor-widget elementor-widget-text-editor\" data-id=\"8379ca5\" data-element_type=\"widget\" data-widget_type=\"text-editor.default\">\n\t\t\t\t<div class=\"elementor-widget-container\">\n\t\t\t\t\t\t\t<p>\u062f\u0627\u062e\u0644 \u0641\u0631\u0642\u0646\u0627\u060c \u0623\u0648 \u0645\u0646 \u062e\u0644\u0627\u0644 \u0639\u0644\u0627\u0642\u0627\u062a\u0646\u0627 \u0645\u0639 \u0639\u0645\u0644\u0627\u0626\u0646\u0627 \u0648\u0639\u0645\u0627\u0644\u0646\u0627 \u060c \u0646\u0646\u0642\u0644 \u0642\u064a\u0645 \u0627\u0644\u0644\u0637\u0641 \u0648\u0627\u0644\u062b\u0642\u0629.<\/p><p>\u0647\u0644 \u062a\u062d\u062a\u0627\u062c \u0625\u0644\u0649 \u062f\u0639\u0645 \u0641\u064a \u062d\u0627\u0644\u0629 \u0630\u0631\u0648\u0629 \u0627\u0644\u0646\u0634\u0627\u0637 \u0623\u0648 \u0645\u0648\u0631\u062f \u062e\u0627\u0631\u062c\u064a \u0644\u064a\u062d\u0644 \u0645\u062d\u0644 \u0623\u062d\u062f \u0645\u0648\u0638\u0641\u064a\u0643 \u061f \u0645\u0646 \u0627\u0644\u0628\u062d\u062b \u0639\u0646 \u0627\u0644\u0645\u0631\u0634\u062d \u0627\u0644\u0645\u062b\u0627\u0644\u064a \u0625\u0644\u0649 \u0627\u0644\u062a\u0648\u0635\u064a\u0629 \u0628\u0627\u0644\u0639\u0642\u062f \u0627\u0644\u0623\u0645\u062b\u0644\u060c \u062a\u0642\u062f\u0645 Kiba \u062e\u0628\u0631\u062a\u0647\u0627 \u0641\u064a \u062c\u0645\u064a\u0639 \u0645\u0631\u0627\u062d\u0644 \u062a\u0648\u0638\u064a\u0641\u0643<\/p>\t\t\t\t\t\t<\/div>\n\t\t\t\t<\/div>\n\t\t\t\t<div class=\"elementor-element elementor-element-2547ec6 elementor-align-left elementor-widget elementor-widget-button\" data-id=\"2547ec6\" data-element_type=\"widget\" data-widget_type=\"button.default\">\n\t\t\t\t<div class=\"elementor-widget-container\">\n\t\t\t\t\t<div class=\"elementor-button-wrapper\">\n\t\t\t<a class=\"elementor-button elementor-button-link elementor-size-sm elementor-animation-grow\" href=\"#\">\n\t\t\t\t\t\t<span class=\"elementor-button-content-wrapper\">\n\t\t\t\t\t\t<span class=\"elementor-button-text\">\u062a\u0633\u062c\u064a\u0644 \u0634\u0631\u0643\u062a\u0643\u0645<\/span>\n\t\t<\/span>\n\t\t\t\t\t<\/a>\n\t\t<\/div>\n\t\t\t\t<\/div>\n\t\t\t\t<\/div>\n\t\t\t\t\t<\/div>\n\t\t<\/div>\n\t\t\t\t\t\t\t<\/div>\n\t\t<\/section>\n\t\t\t\t<section class=\"elementor-section elementor-top-section elementor-element elementor-element-fe4f9d1 elementor-section-boxed elementor-section-height-default elementor-section-height-default\" data-id=\"fe4f9d1\" data-element_type=\"section\">\n\t\t\t\t\t\t<div class=\"elementor-container elementor-column-gap-default\">\n\t\t\t\t\t<div class=\"elementor-column elementor-col-100 elementor-top-column elementor-element elementor-element-00632a2\" data-id=\"00632a2\" data-element_type=\"column\">\n\t\t\t<div class=\"elementor-widget-wrap elementor-element-populated\">\n\t\t\t\t\t\t\t\t<div class=\"elementor-element elementor-element-b6f8777 elementor-widget elementor-widget-heading\" data-id=\"b6f8777\" data-element_type=\"widget\" data-widget_type=\"heading.default\">\n\t\t\t\t<div class=\"elementor-widget-container\">\n\t\t\t<h2 class=\"elementor-heading-title elementor-size-default\">\u0642\u0637\u0627\u0639\u0627\u062a \u0627\u062e\u062a\u0635\u0627\u0635\u0646\u0627<\/h2>\t\t<\/div>\n\t\t\t\t<\/div>\n\t\t\t\t<div class=\"elementor-element elementor-element-f279904 elementor-widget elementor-widget-text-editor\" data-id=\"f279904\" data-element_type=\"widget\" data-widget_type=\"text-editor.default\">\n\t\t\t\t<div class=\"elementor-widget-container\">\n\t\t\t\t\t\t\t<p>\u0646\u062d\u0646 \u0645\u062a\u062e\u0635\u0635\u0648\u0646 \u0641\u064a \u0639\u062f\u0629 \u0642\u0637\u0627\u0639\u0627\u062a \u0645\u0646 \u0627\u0644\u0646\u0634\u0627\u0637.<\/p>\t\t\t\t\t\t<\/div>\n\t\t\t\t<\/div>\n\t\t\t\t<div class=\"elementor-element elementor-element-9847ac6 elementor-widget elementor-widget-Ctea-category\" data-id=\"9847ac6\" data-element_type=\"widget\" data-widget_type=\"Ctea-category.default\">\n\t\t\t\t<div class=\"elementor-widget-container\">\n\t\t\t\n\n        <div class=\"job-cat-sec\">\n\n\n                    \n                                                <div class=\"job-cat-wrap job-cateory-with-image grid-layout\"> \n                            \t\t\t\t<div class=\"single-job-cat\" style=\"background-image: url(https:\/\/kibajobs.com\/wp-content\/uploads\/2023\/12\/Rectangle-40.png);\">\n\t\t\t\t\t\t\t<a href =\"https:\/\/kibajobs.com\/ar\/jobs\/?search_category=195\">\n\t\t\t\t\t\t\t<div class=\"single-job-cat-wrap\">\n\t\t\t\t\t\t\t<div class=\"category-icon\">\n\t\t\t\t\t\t\t\t\t\t\t\t\t\t<\/div>\n\t\t\t\t\t\t\t\t<div class=\"cat-infos\"><h3>\u0625\u062f\u0627\u0631\u0629<\/h3>\n\t\t\t\t\t\t\t\t<span>5 Offres <\/span><\/div>\n\t\t\t\t\t\t\t<\/div>\n\t\t\t\t\t\t\t<\/a>\n\t\t\t\t\t\t<\/div>\n\t\t\t\t\t\t\t\t\t\t<div class=\"single-job-cat\" style=\"background-image: url(https:\/\/kibajobs.com\/wp-content\/uploads\/2024\/01\/Agriculture.jpg);\">\n\t\t\t\t\t\t\t<a href =\"https:\/\/kibajobs.com\/ar\/jobs\/?search_category=278\">\n\t\t\t\t\t\t\t<div class=\"single-job-cat-wrap\">\n\t\t\t\t\t\t\t<div class=\"category-icon\">\n\t\t\t\t\t\t\t\t\t\t\t\t\t\t<\/div>\n\t\t\t\t\t\t\t\t<div class=\"cat-infos\"><h3>\u0641\u0644\u0627\u062d\u0629<\/h3>\n\t\t\t\t\t\t\t\t<span>0 Offres <\/span><\/div>\n\t\t\t\t\t\t\t<\/div>\n\t\t\t\t\t\t\t<\/a>\n\t\t\t\t\t\t<\/div>\n\t\t\t\t\t\t\t\t\t\t<div class=\"single-job-cat\" style=\"\">\n\t\t\t\t\t\t\t<a href =\"https:\/\/kibajobs.com\/ar\/jobs\/?search_category=307\">\n\t\t\t\t\t\t\t<div class=\"single-job-cat-wrap\">\n\t\t\t\t\t\t\t<div class=\"category-icon\">\n\t\t\t\t\t\t\t\t\t\t\t\t\t\t<\/div>\n\t\t\t\t\t\t\t\t<div class=\"cat-infos\"><h3>BTP<\/h3>\n\t\t\t\t\t\t\t\t<span>0 Offres <\/span><\/div>\n\t\t\t\t\t\t\t<\/div>\n\t\t\t\t\t\t\t<\/a>\n\t\t\t\t\t\t<\/div>\n\t\t\t\t\t\t\t\t\t\t<div class=\"single-job-cat\" style=\"\">\n\t\t\t\t\t\t\t<a href =\"https:\/\/kibajobs.com\/ar\/jobs\/?search_category=306\">\n\t\t\t\t\t\t\t<div class=\"single-job-cat-wrap\">\n\t\t\t\t\t\t\t<div class=\"category-icon\">\n\t\t\t\t\t\t\t\t\t\t\t\t\t\t<\/div>\n\t\t\t\t\t\t\t\t<div class=\"cat-infos\"><h3>Commerce<\/h3>\n\t\t\t\t\t\t\t\t<span>1 Offres <\/span><\/div>\n\t\t\t\t\t\t\t<\/div>\n\t\t\t\t\t\t\t<\/a>\n\t\t\t\t\t\t<\/div>\n\t\t\t\t\t\t\t\t\t\t<div class=\"single-job-cat\" style=\"background-image: url(https:\/\/kibajobs.com\/wp-content\/uploads\/2024\/01\/pexels-yan-krukau-7693229-scaled.jpg);\">\n\t\t\t\t\t\t\t<a href =\"https:\/\/kibajobs.com\/ar\/jobs\/?search_category=280\">\n\t\t\t\t\t\t\t<div class=\"single-job-cat-wrap\">\n\t\t\t\t\t\t\t<div class=\"category-icon\">\n\t\t\t\t\t\t\t\t\t\t\t\t\t\t<\/div>\n\t\t\t\t\t\t\t\t<div class=\"cat-infos\"><h3>\u0627\u0644\u0645\u0627\u0644\u064a\u0629<\/h3>\n\t\t\t\t\t\t\t\t<span>2 Offres <\/span><\/div>\n\t\t\t\t\t\t\t<\/div>\n\t\t\t\t\t\t\t<\/a>\n\t\t\t\t\t\t<\/div>\n\t\t\t\t\t\t\t\t\t\t<div class=\"single-job-cat\" style=\"background-image: url(https:\/\/kibajobs.com\/wp-content\/uploads\/2023\/12\/Rectangle-39.png);\">\n\t\t\t\t\t\t\t<a href =\"https:\/\/kibajobs.com\/ar\/jobs\/?search_category=194\">\n\t\t\t\t\t\t\t<div class=\"single-job-cat-wrap\">\n\t\t\t\t\t\t\t<div class=\"category-icon\">\n\t\t\t\t\t\t\t\t\t\t\t\t\t\t<\/div>\n\t\t\t\t\t\t\t\t<div class=\"cat-infos\"><h3>\u0641\u0646\u062f\u0642\u0629<\/h3>\n\t\t\t\t\t\t\t\t<span>1 Offres <\/span><\/div>\n\t\t\t\t\t\t\t<\/div>\n\t\t\t\t\t\t\t<\/a>\n\t\t\t\t\t\t<\/div>\n\t\t\t\t\t\t\t\t\t\t<div class=\"single-job-cat\" style=\"background-image: url(https:\/\/kibajobs.com\/wp-content\/uploads\/2024\/01\/Industrie.jpg);\">\n\t\t\t\t\t\t\t<a href =\"https:\/\/kibajobs.com\/ar\/jobs\/?search_category=279\">\n\t\t\t\t\t\t\t<div class=\"single-job-cat-wrap\">\n\t\t\t\t\t\t\t<div class=\"category-icon\">\n\t\t\t\t\t\t\t\t\t\t\t\t\t\t<\/div>\n\t\t\t\t\t\t\t\t<div class=\"cat-infos\"><h3>\u0627\u0644\u0635\u0646\u0627\u0639\u0627\u062a \u0627\u0644\u062b\u0642\u064a\u0644\u0629<\/h3>\n\t\t\t\t\t\t\t\t<span>0 Offres <\/span><\/div>\n\t\t\t\t\t\t\t<\/div>\n\t\t\t\t\t\t\t<\/a>\n\t\t\t\t\t\t<\/div>\n\t\t\t\t\t\t\t\t\t\t<div class=\"single-job-cat\" style=\"background-image: url(https:\/\/kibajobs.com\/wp-content\/uploads\/2024\/01\/medical.jpg);\">\n\t\t\t\t\t\t\t<a href =\"https:\/\/kibajobs.com\/ar\/jobs\/?search_category=281\">\n\t\t\t\t\t\t\t<div class=\"single-job-cat-wrap\">\n\t\t\t\t\t\t\t<div class=\"category-icon\">\n\t\t\t\t\t\t\t\t\t\t\t\t\t\t<\/div>\n\t\t\t\t\t\t\t\t<div class=\"cat-infos\"><h3>\u0627\u0644\u0637\u0628\u064a\u0629 \u0648 \u0634\u0628\u0647 \u0627\u0644\u0637\u0628\u064a\u0629<\/h3>\n\t\t\t\t\t\t\t\t<span>0 Offres <\/span><\/div>\n\t\t\t\t\t\t\t<\/div>\n\t\t\t\t\t\t\t<\/a>\n\t\t\t\t\t\t<\/div>\n\t\t\t\t\t\t\t\t\t\t<div class=\"single-job-cat\" style=\"\">\n\t\t\t\t\t\t\t<a href =\"https:\/\/kibajobs.com\/ar\/jobs\/?search_category=304\">\n\t\t\t\t\t\t\t<div class=\"single-job-cat-wrap\">\n\t\t\t\t\t\t\t<div class=\"category-icon\">\n\t\t\t\t\t\t\t\t\t\t\t\t\t\t<\/div>\n\t\t\t\t\t\t\t\t<div class=\"cat-infos\"><h3>Tertiaire \/ Services<\/h3>\n\t\t\t\t\t\t\t\t<span>1 Offres <\/span><\/div>\n\t\t\t\t\t\t\t<\/div>\n\t\t\t\t\t\t\t<\/a>\n\t\t\t\t\t\t<\/div>\n\t\t\t\t\t\t\t\t\t\t<div class=\"single-job-cat\" style=\"background-image: url(https:\/\/kibajobs.com\/wp-content\/uploads\/2024\/01\/tourisme.jpg);\">\n\t\t\t\t\t\t\t<a href =\"https:\/\/kibajobs.com\/ar\/jobs\/?search_category=282\">\n\t\t\t\t\t\t\t<div class=\"single-job-cat-wrap\">\n\t\t\t\t\t\t\t<div class=\"category-icon\">\n\t\t\t\t\t\t\t\t\t\t\t\t\t\t<\/div>\n\t\t\t\t\t\t\t\t<div class=\"cat-infos\"><h3>\u0627\u0644\u0633\u064a\u0627\u062d\u0629 \u0648\u0627\u0644\u062a\u0631\u0641\u064a\u0647<\/h3>\n\t\t\t\t\t\t\t\t<span>0 Offres <\/span><\/div>\n\t\t\t\t\t\t\t<\/div>\n\t\t\t\t\t\t\t<\/a>\n\t\t\t\t\t\t<\/div>\n\t\t\t\t\t\t\t\t\t\t<div class=\"single-job-cat\" style=\"background-image: url(https:\/\/kibajobs.com\/wp-content\/uploads\/2024\/01\/logistique.jpg);\">\n\t\t\t\t\t\t\t<a href =\"https:\/\/kibajobs.com\/ar\/jobs\/?search_category=283\">\n\t\t\t\t\t\t\t<div class=\"single-job-cat-wrap\">\n\t\t\t\t\t\t\t<div class=\"category-icon\">\n\t\t\t\t\t\t\t\t\t\t\t\t\t\t<\/div>\n\t\t\t\t\t\t\t\t<div class=\"cat-infos\"><h3>\u0627\u0644\u0646\u0642\u0644 \u0648 \u0627\u0644\u0644\u0648\u062c\u0633\u062a\u064a\u0643<\/h3>\n\t\t\t\t\t\t\t\t<span>0 Offres <\/span><\/div>\n\t\t\t\t\t\t\t<\/div>\n\t\t\t\t\t\t\t<\/a>\n\t\t\t\t\t\t<\/div>\n\t\t\t\t\t\t                            <\/div>\n                                                \n                <\/div>\n\n\n        \t\t<\/div>\n\t\t\t\t<\/div>\n\t\t\t\t<div class=\"elementor-element elementor-element-8223424 elementor-align-center elementor-widget elementor-widget-button\" data-id=\"8223424\" data-element_type=\"widget\" data-widget_type=\"button.default\">\n\t\t\t\t<div class=\"elementor-widget-container\">\n\t\t\t\t\t<div class=\"elementor-button-wrapper\">\n\t\t\t<a class=\"elementor-button elementor-button-link elementor-size-sm\" href=\"#\">\n\t\t\t\t\t\t<span class=\"elementor-button-content-wrapper\">\n\t\t\t\t\t\t<span class=\"elementor-button-text\">\u0627\u0646\u0634\u0631 \u0639\u0631\u0636 \u0639\u0645\u0644<\/span>\n\t\t<\/span>\n\t\t\t\t\t<\/a>\n\t\t<\/div>\n\t\t\t\t<\/div>\n\t\t\t\t<\/div>\n\t\t\t\t\t<\/div>\n\t\t<\/div>\n\t\t\t\t\t\t\t<\/div>\n\t\t<\/section>\n\t\t\t\t\t\t\t<\/div>","protected":false},"excerpt":{"rendered":"<p>Espace entreprises Kiba Jobs Le partenaire indispensable pour vos recrutements ! Vos besoins, notre expertise Au sein de nos \u00e9quipes, ou \u00e0 travers nos relations avec nos clients et nos int\u00e9rimaires, nous v\u00e9hiculons des valeurs de bienveillance et de confiance. Besoin de renfort en cas de pic d\u2019activit\u00e9 ou d\u2019une ressource ext\u00e9rieure pour le remplacement [&hellip;]<\/p>","protected":false},"author":1,"featured_media":0,"parent":0,"menu_order":0,"comment_status":"closed","ping_status":"closed","template":"page-templates\/template-fullwidth.php","meta":{"footnotes":""},"class_list":["post-21136","page","type-page","status-publish","hentry"],"_links":{"self":[{"href":"https:\/\/kibajobs.com\/ar\/wp-json\/wp\/v2\/pages\/21136","targetHints":{"allow":["GET"]}}],"collection":[{"href":"https:\/\/kibajobs.com\/ar\/wp-json\/wp\/v2\/pages"}],"about":[{"href":"https:\/\/kibajobs.com\/ar\/wp-json\/wp\/v2\/types\/page"}],"author":[{"embeddable":true,"href":"https:\/\/kibajobs.com\/ar\/wp-json\/wp\/v2\/users\/1"}],"replies":[{"embeddable":true,"href":"https:\/\/kibajobs.com\/ar\/wp-json\/wp\/v2\/comments?post=21136"}],"version-history":[{"count":48,"href":"https:\/\/kibajobs.com\/ar\/wp-json\/wp\/v2\/pages\/21136\/revisions"}],"predecessor-version":[{"id":23721,"href":"https:\/\/kibajobs.com\/ar\/wp-json\/wp\/v2\/pages\/21136\/revisions\/23721"}],"wp:attachment":[{"href":"https:\/\/kibajobs.com\/ar\/wp-json\/wp\/v2\/media?parent=21136"}],"curies":[{"name":"wp","href":"https:\/\/api.w.org\/{rel}","templated":true}]}}