{"id":21502,"date":"2023-12-11T09:50:09","date_gmt":"2023-12-11T08:50:09","guid":{"rendered":"https:\/\/kiba-jobs.proweb.ma\/?page_id=21502"},"modified":"2024-05-25T11:04:07","modified_gmt":"2024-05-25T09:04:07","slug":"publier-une-offre-demploi","status":"publish","type":"page","link":"https:\/\/kibajobs.com\/ar\/publier-une-offre-demploi\/","title":{"rendered":"\u0646\u0634\u0631 \u0639\u0631\u0636 \u0639\u0645\u0644"},"content":{"rendered":"<div data-elementor-type=\"wp-page\" data-elementor-id=\"21502\" class=\"elementor elementor-21502\">\n\t\t\t\t\t\t\t\t\t<section class=\"elementor-section elementor-top-section elementor-element elementor-element-56567cf elementor-section-stretched elementor-section-boxed elementor-section-height-default elementor-section-height-default\" data-id=\"56567cf\" data-element_type=\"section\" data-settings=\"{&quot;stretch_section&quot;:&quot;section-stretched&quot;,&quot;background_background&quot;:&quot;classic&quot;}\">\n\t\t\t\t\t\t<div class=\"elementor-container elementor-column-gap-default\">\n\t\t\t\t\t<div class=\"elementor-column elementor-col-100 elementor-top-column elementor-element elementor-element-252fcd0\" data-id=\"252fcd0\" data-element_type=\"column\">\n\t\t\t<div class=\"elementor-widget-wrap elementor-element-populated\">\n\t\t\t\t\t\t\t\t<div class=\"elementor-element elementor-element-694ac03 elementor-widget elementor-widget-heading\" data-id=\"694ac03\" data-element_type=\"widget\" data-widget_type=\"heading.default\">\n\t\t\t\t<div class=\"elementor-widget-container\">\n\t\t\t<style>\/*! elementor - v3.18.0 - 08-12-2023 *\/\n.elementor-heading-title{padding:0;margin:0;line-height:1}.elementor-widget-heading .elementor-heading-title[class*=elementor-size-]>a{color:inherit;font-size:inherit;line-height:inherit}.elementor-widget-heading .elementor-heading-title.elementor-size-small{font-size:15px}.elementor-widget-heading .elementor-heading-title.elementor-size-medium{font-size:19px}.elementor-widget-heading .elementor-heading-title.elementor-size-large{font-size:29px}.elementor-widget-heading .elementor-heading-title.elementor-size-xl{font-size:39px}.elementor-widget-heading .elementor-heading-title.elementor-size-xxl{font-size:59px}<\/style><h2 class=\"elementor-heading-title elementor-size-default\">\u0627\u0646\u0634\u0631 \u0639\u0631\u0636 \u0639\u0645\u0644<\/h2>\t\t<\/div>\n\t\t\t\t<\/div>\n\t\t\t\t<div class=\"elementor-element elementor-element-005db29 elementor-widget__width-initial elementor-widget elementor-widget-text-editor\" data-id=\"005db29\" data-element_type=\"widget\" data-widget_type=\"text-editor.default\">\n\t\t\t\t<div class=\"elementor-widget-container\">\n\t\t\t<style>\/*! elementor - v3.18.0 - 08-12-2023 *\/\n.elementor-widget-text-editor.elementor-drop-cap-view-stacked .elementor-drop-cap{background-color:#69727d;color:#fff}.elementor-widget-text-editor.elementor-drop-cap-view-framed .elementor-drop-cap{color:#69727d;border:3px solid;background-color:transparent}.elementor-widget-text-editor:not(.elementor-drop-cap-view-default) .elementor-drop-cap{margin-top:8px}.elementor-widget-text-editor:not(.elementor-drop-cap-view-default) .elementor-drop-cap-letter{width:1em;height:1em}.elementor-widget-text-editor .elementor-drop-cap{float:left;text-align:center;line-height:1;font-size:50px}.elementor-widget-text-editor .elementor-drop-cap-letter{display:inline-block}<\/style>\t\t\t\t\u0623\u0631\u0633\u0644 \u0644\u0646\u0627 \u0639\u0631\u0636 \u0639\u0645\u0644\u0643 \u0639\u0628\u0631 \u0627\u0644\u0627\u0633\u062a\u0645\u0627\u0631\u0629 \u0623\u062f\u0646\u0627\u0647. \u0633\u0646\u0642\u0648\u0645 \u0628\u062f\u0631\u0627\u0633\u062a\u0647 \u0648\u0627\u0644\u0627\u0633\u062a\u062c\u0627\u0628\u0629 \u0644\u0627\u062d\u062a\u064a\u0627\u062c\u0627\u062a \u0627\u0644\u062a\u0648\u0638\u064a\u0641 \u0627\u0644\u062e\u0627\u0635\u0629 \u0628\u0643 \u0641\u064a \u0623\u0642\u0631\u0628 \u0648\u0642\u062a \u0645\u0645\u0643\u0646.\t\t\t\t\t\t<\/div>\n\t\t\t\t<\/div>\n\t\t\t\t\t<\/div>\n\t\t<\/div>\n\t\t\t\t\t\t\t<\/div>\n\t\t<\/section>\n\t\t\t\t<section class=\"elementor-section elementor-top-section elementor-element elementor-element-7b75a44 elementor-section-stretched elementor-section-boxed elementor-section-height-default elementor-section-height-default\" data-id=\"7b75a44\" data-element_type=\"section\" data-settings=\"{&quot;stretch_section&quot;:&quot;section-stretched&quot;}\">\n\t\t\t\t\t\t<div class=\"elementor-container elementor-column-gap-default\">\n\t\t\t\t\t<div class=\"elementor-column elementor-col-100 elementor-top-column elementor-element elementor-element-2efe94b\" data-id=\"2efe94b\" data-element_type=\"column\">\n\t\t\t<div class=\"elementor-widget-wrap elementor-element-populated\">\n\t\t\t\t\t\t\t\t<div class=\"elementor-element elementor-element-0d9af6b elementor-widget elementor-widget-shortcode\" data-id=\"0d9af6b\" data-element_type=\"widget\" data-widget_type=\"shortcode.default\">\n\t\t\t\t<div class=\"elementor-widget-container\">\n\t\t\t\t\t<div class=\"elementor-shortcode\"><form action=\"\/ar\/wp-json\/wp\/v2\/pages\/21502\" method=\"post\" id=\"submit-job-form test_id\" class=\"job-manager-form\" enctype=\"multipart\/form-data\" data-trp-original-action=\"\/ar\/wp-json\/wp\/v2\/pages\/21502\">\n\n\t\n\t\n\t\n\t\t\t<fieldset class=\"fieldset-login_required\">\n\t\t<label>\u0647\u0644 \u0644\u062f\u064a\u0643 \u062d\u0633\u0627\u0628\u061f<\/label>\n\t\t<div class=\"field account-sign-in\">\n\t\t\t<a class=\"button\" href=\"https:\/\/kibajobs.com\/ar\/login\/\">\u062a\u0633\u062c\u064a\u0644 \u0627\u0644\u062f\u062e\u0648\u0644<\/a>\n\n\t\t\t\n\t\t\t\tIf you don&#039;t have an account you can create one below by entering your email address\/username.\t\t\t\t\n\t\t\t\t\t<\/div>\n\t<\/fieldset>\n\t\t\t\t<fieldset class=\"fieldset-create_account_email\">\n\t\t\t\t<label\n\t\t\t\t\tfor=\"create_account_email\">\u0628\u0631\u064a\u062f\u0643 \u0627\u0644\u0625\u0644\u0643\u062a\u0631\u0648\u0646\u064a<\/label>\n\t\t\t\t<div class=\"field required-field draft-required\">\n\t\t\t\t\t<input type=\"text\" class=\"input-text\" name=\"create_account_email\" id=\"create_account_email\" placeholder=\"you@yourdomain.com\" value=\"\" maxlength=\"\" required \/>\n\t\t\t\t<\/div>\n\t\t\t<\/fieldset>\n\t\t\t\t\t\t<fieldset class=\"fieldset-create_account_password\">\n\t\t\t\t<label\n\t\t\t\t\tfor=\"create_account_password\">Password<\/label>\n\t\t\t\t<div class=\"field required-field draft-required\">\n\t\t\t\t\t<input type=\"password\" class=\"input-text\" autocomplete=\"off\" name=\"create_account_password\" id=\"create_account_password\" placeholder=\"\" value=\"\" maxlength=\"\" required \/>\n<small class=\"description\">Passwords must be at least 8 characters long.<\/small>\t\t\t\t<\/div>\n\t\t\t<\/fieldset>\n\t\t\t\t\t\t<fieldset class=\"fieldset-create_account_password_verify\">\n\t\t\t\t<label\n\t\t\t\t\tfor=\"create_account_password_verify\">Verify Password<\/label>\n\t\t\t\t<div class=\"field required-field draft-required\">\n\t\t\t\t\t<input type=\"password\" class=\"input-text\" autocomplete=\"off\" name=\"create_account_password_verify\" id=\"create_account_password_verify\" placeholder=\"\" value=\"\" maxlength=\"\" required \/>\n\t\t\t\t<\/div>\n\t\t\t<\/fieldset>\n\t\t\t\n\t\n\t\n\t\t<!-- Job Information Fields -->\n\t\t\t\t\t\t\t<fieldset class=\"fieldset-job_title fieldset-type-text\">\n\t\t\t\t<label for=\"job_title\">\u0627\u0644\u0645\u0633\u0645\u0649 \u0627\u0644\u0648\u0638\u064a\u0641\u064a<\/label>\n\t\t\t\t<div class=\"field required-field\">\n\t\t\t\t\t<input type=\"text\" class=\"input-text\" name=\"job_title\" id=\"job_title\" placeholder=\"\" value=\"\" maxlength=\"\" required \/>\n\t\t\t\t<\/div>\n\t\t\t<\/fieldset>\n\t\t\t\t\t<fieldset class=\"fieldset-job_location fieldset-type-text\">\n\t\t\t\t<label for=\"job_location\">\u0627\u0644\u0645\u0643\u0627\u0646 <small>(optional)<\/small><\/label>\n\t\t\t\t<div class=\"field\">\n\t\t\t\t\t<input type=\"text\" class=\"input-text\" name=\"job_location\" id=\"job_location\" placeholder=\"\u0645\u062b\u0644\u0627 &quot;\u0644\u0646\u062f\u0646&quot;\" value=\"\" maxlength=\"\"  \/>\n<small class=\"description\">\u062a\u0631\u0643 \u0647\u0630\u0627 \u0641\u0627\u0631\u063a\u0627 \u0625\u0630\u0627 \u0643\u0627\u0646 \u0645\u0648\u0642\u0639 \u0627\u0644\u0639\u0645\u0644 \u0644\u064a\u0633 \u0645\u0647\u0645\u0627<\/small>\t\t\t\t<\/div>\n\t\t\t<\/fieldset>\n\t\t\t\t\t<fieldset class=\"fieldset-job_region fieldset-type-term-select\">\n\t\t\t\t<label for=\"job_region\">Job Region<\/label>\n\t\t\t\t<div class=\"field required-field\">\n\t\t\t\t\t<select  name='job_region' id='job_region' class='postform'>\n\t<option value=''>\u062d\u062f\u062f \u0627\u0644\u0645\u0646\u0637\u0642\u0629<\/option>\n\t<option class=\"level-0\" value=\"249\">Agadir<\/option>\n\t<option class=\"level-1\" value=\"305\">&nbsp;&nbsp;&nbsp;Oulad Berhil<\/option>\n\t<option class=\"level-0\" value=\"265\">Casablanca<\/option>\n\t<option class=\"level-1\" value=\"308\">&nbsp;&nbsp;&nbsp;EL Jadida<\/option>\n\t<option class=\"level-0\" value=\"264\">Dakhla<\/option>\n\t<option class=\"level-0\" value=\"263\">El Aioun<\/option>\n\t<option class=\"level-0\" value=\"262\">Errachidia<\/option>\n\t<option class=\"level-0\" value=\"261\">Es-Semara<\/option>\n\t<option class=\"level-0\" value=\"260\">F\u00e8s<\/option>\n\t<option class=\"level-0\" value=\"285\">Gharb<\/option>\n\t<option class=\"level-0\" value=\"259\">Guelmim<\/option>\n\t<option class=\"level-0\" value=\"258\">Kenitra<\/option>\n\t<option class=\"level-0\" value=\"257\">Marrakech<\/option>\n\t<option class=\"level-0\" value=\"256\">Mekn\u00e8s<\/option>\n\t<option class=\"level-0\" value=\"255\">Oujda<\/option>\n\t<option class=\"level-0\" value=\"254\">Rabat<\/option>\n\t<option class=\"level-0\" value=\"253\">Tan-Tan<\/option>\n\t<option class=\"level-0\" value=\"252\">Tanger<\/option>\n\t<option class=\"level-0\" value=\"251\">Taroudant<\/option>\n\t<option class=\"level-0\" value=\"250\">Tetouan<\/option>\n<\/select>\n\t\t\t\t<\/div>\n\t\t\t<\/fieldset>\n\t\t\t\t\t<fieldset class=\"fieldset-job_type fieldset-type-term-multiselect\">\n\t\t\t\t<label for=\"job_type\">\u0646\u0648\u0639 \u0627\u0644\u0648\u0638\u064a\u0641\u0629<\/label>\n\t\t\t\t<div class=\"field required-field\">\n\t\t\t\t\t<select name='job_type[]' id='job_type' class='job-manager-category-dropdown chosen-rtl' multiple='multiple' data-placeholder='Choose job type&hellip;' data-no_results_text='\u0644\u0627 \u062a\u0648\u062c\u062f \u0646\u062a\u0627\u0626\u062c \u0645\u062a\u0637\u0627\u0628\u0642\u0629' data-multiple_text='\u062a\u062d\u062f\u064a\u062f \u0623\u062d\u062f \u0627\u0644\u062e\u064a\u0627\u0631\u0627\u062a'>\n\t<option class=\"level-0\" value=\"149\">\u0627\u0644\u0645\u0633\u062a\u0642\u0644\u0629<\/option>\n\t<option class=\"level-0\" value=\"150\">\u0627\u0644\u062a\u062f\u0631\u064a\u0628 \u0627\u0644\u0639\u0645\u0644\u064a<\/option>\n\t<option class=\"level-0\" value=\"148\">\u0645\u0624\u0642\u062a<\/option>\n\t<option class=\"level-0\" value=\"147\">\u062f\u0648\u0627\u0645 \u062c\u0632\u0626\u064a<\/option>\n\t<option class=\"level-0\" value=\"146\">\u0628\u062f\u0648\u0627\u0645 \u0643\u0627\u0645\u0644<\/option>\n<\/select>\n\t\t\t\t<\/div>\n\t\t\t<\/fieldset>\n\t\t\t\t\t<fieldset class=\"fieldset-job_category fieldset-type-term-multiselect\">\n\t\t\t\t<label for=\"job_category\">\u062a\u0635\u0646\u064a\u0641 \u0627\u0644\u0648\u0638\u064a\u0641\u0629<\/label>\n\t\t\t\t<div class=\"field required-field\">\n\t\t\t\t\t<select name='job_category[]' id='job_category' class='job-manager-category-dropdown chosen-rtl' multiple='multiple' data-placeholder='\u0627\u062e\u062a\u0631 \u062a\u0635\u0646\u064a\u0641&hellip;' data-no_results_text='\u0644\u0627 \u062a\u0648\u062c\u062f \u0646\u062a\u0627\u0626\u062c \u0645\u062a\u0637\u0627\u0628\u0642\u0629' data-multiple_text='\u062a\u062d\u062f\u064a\u062f \u0623\u062d\u062f \u0627\u0644\u062e\u064a\u0627\u0631\u0627\u062a'>\n\t<option class=\"level-0\" value=\"195\">\u0625\u062f\u0627\u0631\u0629<\/option>\n\t<option class=\"level-0\" value=\"278\">\u0641\u0644\u0627\u062d\u0629<\/option>\n\t<option class=\"level-0\" value=\"307\">BTP<\/option>\n\t<option class=\"level-0\" value=\"306\">Commerce<\/option>\n\t<option class=\"level-0\" value=\"280\">\u0627\u0644\u0645\u0627\u0644\u064a\u0629<\/option>\n\t<option class=\"level-0\" value=\"194\">\u0641\u0646\u062f\u0642\u0629<\/option>\n\t<option class=\"level-0\" value=\"279\">\u0627\u0644\u0635\u0646\u0627\u0639\u0627\u062a \u0627\u0644\u062b\u0642\u064a\u0644\u0629<\/option>\n\t<option class=\"level-0\" value=\"281\">\u0627\u0644\u0637\u0628\u064a\u0629 \u0648 \u0634\u0628\u0647 \u0627\u0644\u0637\u0628\u064a\u0629<\/option>\n\t<option class=\"level-0\" value=\"304\">Tertiaire \/ Services<\/option>\n\t<option class=\"level-0\" value=\"282\">\u0627\u0644\u0633\u064a\u0627\u062d\u0629 \u0648\u0627\u0644\u062a\u0631\u0641\u064a\u0647<\/option>\n\t<option class=\"level-0\" value=\"283\">\u0627\u0644\u0646\u0642\u0644 \u0648 \u0627\u0644\u0644\u0648\u062c\u0633\u062a\u064a\u0643<\/option>\n<\/select>\n\t\t\t\t<\/div>\n\t\t\t<\/fieldset>\n\t\t\t\t\t<fieldset class=\"fieldset-job_description fieldset-type-wp-editor\">\n\t\t\t\t<label for=\"job_description\">\u0627\u0644\u0648\u0635\u0641<\/label>\n\t\t\t\t<div class=\"field required-field\">\n\t\t\t\t\t<div id=\"wp-job_description-wrap\" class=\"wp-core-ui wp-editor-wrap tmce-active\"><link rel='stylesheet' id='dashicons-css' href='https:\/\/kibajobs.com\/wp-includes\/css\/dashicons.min.css?ver=6.9.4' media='all' \/>\n<link rel='stylesheet' id='editor-buttons-rtl-css' href='https:\/\/kibajobs.com\/wp-includes\/css\/editor-rtl.min.css?ver=6.9.4' media='all' \/>\n<style> .mce-top-part button { background-color: rgba(0,0,0,0.0) !important; } <\/style>\n<div id=\"wp-job_description-editor-container\" class=\"wp-editor-container\"><textarea class=\"wp-editor-area\" rows=\"8\" autocomplete=\"off\" cols=\"40\" name=\"job_description\" id=\"job_description\"><\/textarea><\/div>\n<\/div>\n\n\t\t\t\t<\/div>\n\t\t\t<\/fieldset>\n\t\t\t\t\t<fieldset class=\"fieldset-application fieldset-type-text\">\n\t\t\t\t<label for=\"application\">\u0639\u0646\u0648\u0627\u0646 \u0627\u0644\u0645\u0648\u0642\u0639\/ \u0627\u0644\u0628\u0631\u064a\u062f \u0627\u0644\u0625\u0644\u0643\u062a\u0631\u0648\u0646\u064a \u0644\u0644\u062a\u0642\u062f\u064a\u0645<\/label>\n\t\t\t\t<div class=\"field required-field\">\n\t\t\t\t\t<input type=\"text\" class=\"input-text\" name=\"application\" id=\"application\" placeholder=\"\u0627\u062f\u062e\u0644 \u0628\u0631\u064a\u062f \u0625\u0644\u0643\u062a\u0631\u0648\u0646\u064a \u0623\u0648 \u0639\u0646\u0648\u0627\u0646 \u0627\u0644\u0645\u0648\u0642\u0639\" value=\"\" maxlength=\"\" required \/>\n\t\t\t\t<\/div>\n\t\t\t<\/fieldset>\n\t\t\t\t\t<fieldset class=\"fieldset-job_important_info fieldset-type-text\">\n\t\t\t\t<label for=\"job_important_info\">Important information:  <small>(optional)<\/small><\/label>\n\t\t\t\t<div class=\"field\">\n\t\t\t\t\t<input type=\"text\" class=\"input-text\" name=\"job_important_info\" id=\"job_important_info\" placeholder=\"e.g. Work visa required\" value=\"\" maxlength=\"\"  \/>\n\t\t\t\t<\/div>\n\t\t\t<\/fieldset>\n\t\t\n\t\t\n\t\t<!-- Company Information Fields -->\n\t\t\t\t\t<h2 class=\"company-detailss\">Company Details<\/h2>\n\t\t\t\n\n\t\t\t\t\t\t<fieldset class=\"fieldset-new-company\">\n\t\t\t\t<!-- <label >Company Option<\/label> -->\n\t\t\t\t<div class=\"field\">\n\t\t\t\t\t\t\t<span class=\"extra-texts\">\u0623\u0636\u0641 \u0634\u0631\u0643\u0629 \u062c\u062f\u064a\u062f\u0629 <a class=\"button\" href=\"https:\/\/kibajobs.com\/ar\/submit-resume\/\">Ajouter une entreprise <\/a><\/span>\n\t\t\t\t<\/div>\n\t\t\t<\/fieldset>\n                \n\t\t\n\t\t\t\t\t\t\n\t\t\t\n\t\t\t\t\t\t\t<fieldset class=\"fieldset-company_id fieldset-type-select\">\n\t\t\t\t\t<label for=\"company_id\">S\u00e9lectionner une entreprise <small>(optional)<\/small><\/label>\n\t\t\t\t\t<div class=\"field\">\n\t\t\t\t\t\t<select name=\"company_id\" id=\"company_id\"  autocomplete=\"off\">\n\t\t\t<option value=\"\" >User Not Logged In<\/option>\n\t<\/select>\n\t\t\t\t\t<\/div>\n\t\t\t\t<\/fieldset>\n                    \n\t\t\t\t\t\t\t<fieldset class=\"fieldset-company_name fieldset-type-text\">\n\t\t\t\t\t<label for=\"company_name\">Company \/ Branch  Name<\/label>\n\t\t\t\t\t<div class=\"field required-field\">\n\t\t\t\t\t\t<input type=\"text\" class=\"input-text\" name=\"company_name\" id=\"company_name\" placeholder=\"\u0627\u062f\u062e\u0644 \u0627\u0633\u0645 \u0627\u0644\u0634\u0631\u0643\u0629\" value=\"\" maxlength=\"\" required \/>\n\t\t\t\t\t<\/div>\n\t\t\t\t<\/fieldset>\n                    \n\t\t\t\t\t\t\t<fieldset class=\"fieldset-company_website fieldset-type-text\">\n\t\t\t\t\t<label for=\"company_website\">Company \/ Branch Website <small>(optional)<\/small><\/label>\n\t\t\t\t\t<div class=\"field\">\n\t\t\t\t\t\t<input type=\"text\" class=\"input-text\" name=\"company_website\" id=\"company_website\" placeholder=\"\/\/:http\" value=\"\" maxlength=\"\"  \/>\n\t\t\t\t\t<\/div>\n\t\t\t\t<\/fieldset>\n                    \n\t\t\t\t\t\t\t<fieldset class=\"fieldset-company_tagline fieldset-type-text\">\n\t\t\t\t\t<label for=\"company_tagline\">\u0634\u0639\u0627\u0631 \u0627\u0644\u0634\u0631\u0643\u0629 <small>(optional)<\/small><\/label>\n\t\t\t\t\t<div class=\"field\">\n\t\t\t\t\t\t<input type=\"text\" class=\"input-text\" name=\"company_tagline\" id=\"company_tagline\" placeholder=\"\u0648\u0635\u0641 \u0645\u062e\u062a\u0635\u0631 \u0644\u0644\u0634\u0631\u0643\u0629\" value=\"\" maxlength=\"64\"  \/>\n\t\t\t\t\t<\/div>\n\t\t\t\t<\/fieldset>\n                    \n\t\t\t\t\t\t\t<fieldset class=\"fieldset-company_video fieldset-type-text\">\n\t\t\t\t\t<label for=\"company_video\">Company \/ Branch Video <small>(optional)<\/small><\/label>\n\t\t\t\t\t<div class=\"field\">\n\t\t\t\t\t\t<input type=\"text\" class=\"input-text\" name=\"company_video\" id=\"company_video\" placeholder=\"\u0631\u0627\u0628\u0637 \u0627\u0644\u0641\u064a\u062f\u064a\u0648 \u0627\u0644\u062e\u0627\u0635 \u0628\u0627\u0644\u0634\u0631\u0643\u0629\" value=\"\" maxlength=\"\"  \/>\n\t\t\t\t\t<\/div>\n\t\t\t\t<\/fieldset>\n                    \n\t\t\t\t\t\t\t<fieldset class=\"fieldset-company_twitter fieldset-type-text\">\n\t\t\t\t\t<label for=\"company_twitter\">Company \/ Branch Twitter <small>(optional)<\/small><\/label>\n\t\t\t\t\t<div class=\"field\">\n\t\t\t\t\t\t<input type=\"text\" class=\"input-text\" name=\"company_twitter\" id=\"company_twitter\" placeholder=\"@yourcompany\" value=\"\" maxlength=\"\"  \/>\n\t\t\t\t\t<\/div>\n\t\t\t\t<\/fieldset>\n                    \n\t\t\t\t\t\t\t<fieldset class=\"fieldset-company_logo fieldset-type-file\">\n\t\t\t\t\t<label for=\"company_logo\">Company \/ Branch Logo <small>(optional)<\/small><\/label>\n\t\t\t\t\t<div class=\"field\">\n\t\t\t\t\t\t<div class=\"job-manager-uploaded-files\">\n\t<\/div>\n\n<input\n\ttype=\"file\"\n\tclass=\"input-text\"\n\tdata-file_types=\"jpg|jpeg|gif|png\"\n\t\t\t\tname=\"company_logo\"\n\tid=\"company_logo\"\n\tplaceholder=\"\"\n\/>\n<small class=\"description\">\n\t\t\t\u0623\u0642\u0635\u064a \u062d\u062c\u0645 \u0644\u0644\u0645\u0644\u0641: 16 \u0645\u064a\u063a\u0627\u0628\u0627\u064a\u062a.\t<\/small>\n\t\t\t\t\t<\/div>\n\t\t\t\t<\/fieldset>\n                    \n\t\t\t\n\t\t\t\t\t\n\t\t<fieldset class=\"fieldset-agreement-checkbox\">\n\t<div class=\"field full-line-checkbox-field required-field\">\n\t\t<input type=\"checkbox\" class=\"input-checkbox\" name=\"agreement-checkbox\" id=\"agreement-checkbox\"  value=\"1\"  required \/>\n\t\t<label for=\"agreement-checkbox\">I accept the <a href=\"https:\/\/kibajobs.com\/ar\/conditions-generales\/\" target=\"_blank\">Terms and Conditions<\/a>.<\/label>\n\t\t\t<\/div>\n<\/fieldset>\n<fieldset class=\"fieldset-recaptcha\">\n\t<label for=\"recaptcha\">\u00cates-vous un humain ?<\/label>\n\t<div class=\"field required-field\">\n\t\t<div class=\"g-recaptcha\" data-sitekey=\"6LdgYZQUAAAAACYV4gmVCMfE_W-8B3oJ_P5GP2kZ\"><\/div>\n\t\t\t<\/div>\n<\/fieldset>\n\n\t\t<p>\n\t\t\t<input type=\"hidden\" name=\"job_manager_form\" value=\"submit-job\" \/>\n\t\t\t<input type=\"hidden\" name=\"job_id\" value=\"0\" \/>\n\t\t\t<input type=\"hidden\" name=\"step\" value=\"0\" \/>\n\t\t\t<input type=\"submit\" name=\"submit_job\" class=\"button\" value=\"\u0645\u0639\u0627\u064a\u0646\u0629\" \/>\n\t\t\t<input type=\"submit\" name=\"save_draft\" class=\"button secondary save_draft\" value=\"Save Draft\" formnovalidate \/>\t\t\t<span class=\"spinner\" style=\"background-image: url(https:\/\/kibajobs.com\/wp-includes\/images\/spinner.gif);\"><\/span>\n\t\t<\/p>\n\n\t<input type=\"hidden\" name=\"trp-form-language\" value=\"ar\"\/><\/form>\n<\/div>\n\t\t\t\t<\/div>\n\t\t\t\t<\/div>\n\t\t\t\t\t<\/div>\n\t\t<\/div>\n\t\t\t\t\t\t\t<\/div>\n\t\t<\/section>\n\t\t\t\t\t\t\t<\/div>","protected":false},"excerpt":{"rendered":"<p>Publier une offre d&#8217;emploi Transmettez-nous votre offre d\u2019emploi via le formulaire ci-dessous. Nous l\u2019\u00e9tudierons et r\u00e9pondrons \u00e0 votre besoin en recrutement dans les plus brefs d\u00e9lais.<\/p>","protected":false},"author":1,"featured_media":0,"parent":0,"menu_order":0,"comment_status":"closed","ping_status":"closed","template":"","meta":{"footnotes":""},"class_list":["post-21502","page","type-page","status-publish","hentry"],"_links":{"self":[{"href":"https:\/\/kibajobs.com\/ar\/wp-json\/wp\/v2\/pages\/21502","targetHints":{"allow":["GET"]}}],"collection":[{"href":"https:\/\/kibajobs.com\/ar\/wp-json\/wp\/v2\/pages"}],"about":[{"href":"https:\/\/kibajobs.com\/ar\/wp-json\/wp\/v2\/types\/page"}],"author":[{"embeddable":true,"href":"https:\/\/kibajobs.com\/ar\/wp-json\/wp\/v2\/users\/1"}],"replies":[{"embeddable":true,"href":"https:\/\/kibajobs.com\/ar\/wp-json\/wp\/v2\/comments?post=21502"}],"version-history":[{"count":25,"href":"https:\/\/kibajobs.com\/ar\/wp-json\/wp\/v2\/pages\/21502\/revisions"}],"predecessor-version":[{"id":23724,"href":"https:\/\/kibajobs.com\/ar\/wp-json\/wp\/v2\/pages\/21502\/revisions\/23724"}],"wp:attachment":[{"href":"https:\/\/kibajobs.com\/ar\/wp-json\/wp\/v2\/media?parent=21502"}],"curies":[{"name":"wp","href":"https:\/\/api.w.org\/{rel}","templated":true}]}}