{"id":22088,"date":"2023-12-20T17:31:03","date_gmt":"2023-12-20T16:31:03","guid":{"rendered":"https:\/\/kiba-jobs.proweb.ma\/?page_id=22088"},"modified":"2023-12-26T14:51:01","modified_gmt":"2023-12-26T13:51:01","slug":"mention-legales","status":"publish","type":"page","link":"https:\/\/kibajobs.com\/ar\/mention-legales\/","title":{"rendered":"\u0625\u0634\u0639\u0627\u0631 \u0642\u0627\u0646\u0648\u0646\u064a"},"content":{"rendered":"<div data-elementor-type=\"wp-page\" data-elementor-id=\"22088\" class=\"elementor elementor-22088\">\n\t\t\t\t\t\t\t\t\t<section class=\"elementor-section elementor-top-section elementor-element elementor-element-0a37edb elementor-section-stretched elementor-section-boxed elementor-section-height-default elementor-section-height-default\" data-id=\"0a37edb\" data-element_type=\"section\" data-settings=\"{&quot;stretch_section&quot;:&quot;section-stretched&quot;}\">\n\t\t\t\t\t\t<div class=\"elementor-container elementor-column-gap-default\">\n\t\t\t\t\t<div class=\"elementor-column elementor-col-100 elementor-top-column elementor-element elementor-element-a7db49e\" data-id=\"a7db49e\" data-element_type=\"column\">\n\t\t\t<div class=\"elementor-widget-wrap elementor-element-populated\">\n\t\t\t\t\t\t\t\t<div class=\"elementor-element elementor-element-33efb79 elementor-widget elementor-widget-heading\" data-id=\"33efb79\" data-element_type=\"widget\" data-widget_type=\"heading.default\">\n\t\t\t\t<div class=\"elementor-widget-container\">\n\t\t\t<style>\/*! elementor - v3.18.0 - 08-12-2023 *\/\n.elementor-heading-title{padding:0;margin:0;line-height:1}.elementor-widget-heading .elementor-heading-title[class*=elementor-size-]>a{color:inherit;font-size:inherit;line-height:inherit}.elementor-widget-heading .elementor-heading-title.elementor-size-small{font-size:15px}.elementor-widget-heading .elementor-heading-title.elementor-size-medium{font-size:19px}.elementor-widget-heading .elementor-heading-title.elementor-size-large{font-size:29px}.elementor-widget-heading .elementor-heading-title.elementor-size-xl{font-size:39px}.elementor-widget-heading .elementor-heading-title.elementor-size-xxl{font-size:59px}<\/style><h2 class=\"elementor-heading-title elementor-size-default\">Mentions L\u00e9gales - Kiba Jobs<\/h2>\t\t<\/div>\n\t\t\t\t<\/div>\n\t\t\t\t<div class=\"elementor-element elementor-element-f03f8ac elementor-widget elementor-widget-text-editor\" data-id=\"f03f8ac\" data-element_type=\"widget\" data-widget_type=\"text-editor.default\">\n\t\t\t\t<div class=\"elementor-widget-container\">\n\t\t\t<style>\/*! elementor - v3.18.0 - 08-12-2023 *\/\n.elementor-widget-text-editor.elementor-drop-cap-view-stacked .elementor-drop-cap{background-color:#69727d;color:#fff}.elementor-widget-text-editor.elementor-drop-cap-view-framed .elementor-drop-cap{color:#69727d;border:3px solid;background-color:transparent}.elementor-widget-text-editor:not(.elementor-drop-cap-view-default) .elementor-drop-cap{margin-top:8px}.elementor-widget-text-editor:not(.elementor-drop-cap-view-default) .elementor-drop-cap-letter{width:1em;height:1em}.elementor-widget-text-editor .elementor-drop-cap{float:left;text-align:center;line-height:1;font-size:50px}.elementor-widget-text-editor .elementor-drop-cap-letter{display:inline-block}<\/style>\t\t\t\t<h3>\u00c9diteur<\/h3><p><strong>KIBA JOBS<\/strong><br \/>\u0627\u0644\u0645\u0643\u062a\u0628 \u0631\u0642\u0645 4\u060c \u0627\u0644\u0637\u0627\u0628\u0642 \u0627\u0644\u062b\u0627\u0646\u064a\u060c \u0639\u0645\u0627\u0631\u0629 \u0628\u0631\u062c \u0633\u0641\u064a\u0631\u060c \u0634\u0627\u0631\u0639 \u0645\u0648\u0644\u0627\u064a \u062d\u0633\u0646 \u0627\u0644\u0623\u0648\u0644\u060c \u062d\u064a \u0627\u0644\u062f\u0627\u062e\u0644\u0629\u060c \u0623\u0643\u0627\u062f\u064a\u0631<br \/>Responsable de la Publication<\/p><p><strong>KIBA JOBS<\/strong><\/p><h3>Coordonn\u00e9es de l&rsquo;H\u00e9bergeur du Site<\/h3><h4>H\u00e9bergement fourni par :\u00a0<\/h4><p><strong>So You Start &#8211; OVH SAS<\/strong><br \/>2 rue Kellermann<br \/>59100 Roubaix\u00a0<br \/>+33 9 72 10 01 11<\/p><p>Agence Web Proweb<\/p>\t\t\t\t\t\t<\/div>\n\t\t\t\t<\/div>\n\t\t\t\t\t<\/div>\n\t\t<\/div>\n\t\t\t\t\t\t\t<\/div>\n\t\t<\/section>\n\t\t\t\t\t\t\t<\/div>","protected":false},"excerpt":{"rendered":"<p>Mentions L\u00e9gales &#8211; Kiba Jobs \u00c9diteur Kiba Jobsbureau N\u00b04, 2\u00e8me \u00e9tage, immeuble Borj Saphir, Av Moulay Hassan I, Cit\u00e9 Dakhla, AgadirResponsable de la Publication Kiba Jobs Coordonn\u00e9es de l&rsquo;H\u00e9bergeur du Site H\u00e9bergement fourni par :\u00a0 So You Start &#8211; OVH SAS2 rue Kellermann59100 Roubaix\u00a0+33 9 72 10 01 11 Agence Web Proweb<\/p>","protected":false},"author":1,"featured_media":0,"parent":0,"menu_order":0,"comment_status":"closed","ping_status":"closed","template":"","meta":{"footnotes":""},"class_list":["post-22088","page","type-page","status-publish","hentry"],"_links":{"self":[{"href":"https:\/\/kibajobs.com\/ar\/wp-json\/wp\/v2\/pages\/22088","targetHints":{"allow":["GET"]}}],"collection":[{"href":"https:\/\/kibajobs.com\/ar\/wp-json\/wp\/v2\/pages"}],"about":[{"href":"https:\/\/kibajobs.com\/ar\/wp-json\/wp\/v2\/types\/page"}],"author":[{"embeddable":true,"href":"https:\/\/kibajobs.com\/ar\/wp-json\/wp\/v2\/users\/1"}],"replies":[{"embeddable":true,"href":"https:\/\/kibajobs.com\/ar\/wp-json\/wp\/v2\/comments?post=22088"}],"version-history":[{"count":7,"href":"https:\/\/kibajobs.com\/ar\/wp-json\/wp\/v2\/pages\/22088\/revisions"}],"predecessor-version":[{"id":22688,"href":"https:\/\/kibajobs.com\/ar\/wp-json\/wp\/v2\/pages\/22088\/revisions\/22688"}],"wp:attachment":[{"href":"https:\/\/kibajobs.com\/ar\/wp-json\/wp\/v2\/media?parent=22088"}],"curies":[{"name":"wp","href":"https:\/\/api.w.org\/{rel}","templated":true}]}}